{"id":1932,"date":"2020-03-25T12:06:03","date_gmt":"2020-03-25T12:06:03","guid":{"rendered":"https:\/\/elmolidenrobert.com\/contacte\/"},"modified":"2024-07-16T09:23:32","modified_gmt":"2024-07-16T09:23:32","slug":"situacio-i-reserva","status":"publish","type":"page","link":"https:\/\/elmolidenrobert.com\/ca\/situacio-i-reserva\/","title":{"rendered":"Contacte"},"content":{"rendered":"\t\t<div data-elementor-type=\"wp-page\" data-elementor-id=\"1932\" class=\"elementor elementor-1932 elementor-1843\" data-elementor-post-type=\"page\">\n\t\t\t\t\t\t<section class=\"elementor-section elementor-top-section elementor-element elementor-element-8406684 elementor-section-stretched elementor-section-height-min-height elementor-section-boxed elementor-section-height-default elementor-section-items-middle\" data-id=\"8406684\" data-element_type=\"section\" data-settings=\"{&quot;stretch_section&quot;:&quot;section-stretched&quot;,&quot;background_background&quot;:&quot;slideshow&quot;,&quot;background_slideshow_gallery&quot;:[{&quot;id&quot;:1764,&quot;url&quot;:&quot;https:\\\/\\\/elmolidenrobert.com\\\/wp-content\\\/uploads\\\/2020\\\/01\\\/08FJ8171.jpg&quot;},{&quot;id&quot;:1769,&quot;url&quot;:&quot;https:\\\/\\\/elmolidenrobert.com\\\/wp-content\\\/uploads\\\/2020\\\/01\\\/DJI_0843.jpg&quot;},{&quot;id&quot;:1774,&quot;url&quot;:&quot;https:\\\/\\\/elmolidenrobert.com\\\/wp-content\\\/uploads\\\/2020\\\/01\\\/DJI_0810.jpg&quot;},{&quot;id&quot;:1850,&quot;url&quot;:&quot;https:\\\/\\\/elmolidenrobert.com\\\/wp-content\\\/uploads\\\/2020\\\/01\\\/DJI_0825.jpg&quot;}],&quot;background_slideshow_loop&quot;:&quot;yes&quot;,&quot;background_slideshow_slide_duration&quot;:5000,&quot;background_slideshow_slide_transition&quot;:&quot;fade&quot;,&quot;background_slideshow_transition_duration&quot;:500}\">\n\t\t\t\t\t\t<div class=\"elementor-container elementor-column-gap-default\">\n\t\t\t\t\t<div class=\"elementor-column elementor-col-100 elementor-top-column elementor-element elementor-element-146ef9c\" data-id=\"146ef9c\" data-element_type=\"column\">\n\t\t\t<div class=\"elementor-widget-wrap elementor-element-populated\">\n\t\t\t\t\t\t<div class=\"elementor-element elementor-element-490b195 elementor-widget elementor-widget-heading\" data-id=\"490b195\" data-element_type=\"widget\" data-widget_type=\"heading.default\">\n\t\t\t\t<div class=\"elementor-widget-container\">\n\t\t\t\t\t<h1 class=\"elementor-heading-title elementor-size-xl\">Reserva taula en <br> El Mol\u00ed d'en Robert<\/h1>\t\t\t\t<\/div>\n\t\t\t\t<\/div>\n\t\t\t\t\t<\/div>\n\t\t<\/div>\n\t\t\t\t\t<\/div>\n\t\t<\/section>\n\t\t\t\t<section class=\"elementor-section elementor-top-section elementor-element elementor-element-15e2fb2 elementor-section-boxed elementor-section-height-default elementor-section-height-default\" data-id=\"15e2fb2\" data-element_type=\"section\">\n\t\t\t\t\t\t<div class=\"elementor-container elementor-column-gap-default\">\n\t\t\t\t\t<div class=\"elementor-column elementor-col-100 elementor-top-column elementor-element elementor-element-3da6e6f\" data-id=\"3da6e6f\" data-element_type=\"column\">\n\t\t\t<div class=\"elementor-widget-wrap elementor-element-populated\">\n\t\t\t\t\t\t<div class=\"elementor-element elementor-element-129aa67 elementor-widget elementor-widget-heading\" data-id=\"129aa67\" data-element_type=\"widget\" data-widget_type=\"heading.default\">\n\t\t\t\t<div class=\"elementor-widget-container\">\n\t\t\t\t\t<h2 class=\"elementor-heading-title elementor-size-default\">Reserves per tel\u00e8fon<\/h2>\t\t\t\t<\/div>\n\t\t\t\t<\/div>\n\t\t\t\t<div class=\"elementor-element elementor-element-2035661 elementor-widget elementor-widget-text-editor\" data-id=\"2035661\" data-element_type=\"widget\" data-widget_type=\"text-editor.default\">\n\t\t\t\t<div class=\"elementor-widget-container\">\n\t\t\t\t\t\t\t\t\t<p>Per raons de cobertura no podem cobrar amb targeta. Gr\u00e0cies per la vostra comprensi\u00f3.<br \/>Cal confirmaci\u00f3 de reserva per part del restaurant. Pot realitzar la sol\u00b7licitud a trav\u00e9s de:<\/p>\t\t\t\t\t\t\t\t<\/div>\n\t\t\t\t<\/div>\n\t\t\t\t<section class=\"elementor-section elementor-inner-section elementor-element elementor-element-5d2cce0 elementor-section-boxed elementor-section-height-default elementor-section-height-default\" data-id=\"5d2cce0\" data-element_type=\"section\">\n\t\t\t\t\t\t<div class=\"elementor-container elementor-column-gap-default\">\n\t\t\t\t\t<div class=\"elementor-column elementor-col-33 elementor-inner-column elementor-element elementor-element-977f6a4\" data-id=\"977f6a4\" data-element_type=\"column\">\n\t\t\t<div class=\"elementor-widget-wrap elementor-element-populated\">\n\t\t\t\t\t\t<div class=\"elementor-element elementor-element-3c2f733 elementor-view-default elementor-position-top elementor-mobile-position-top elementor-widget elementor-widget-icon-box\" data-id=\"3c2f733\" data-element_type=\"widget\" data-widget_type=\"icon-box.default\">\n\t\t\t\t<div class=\"elementor-widget-container\">\n\t\t\t\t\t\t\t<div class=\"elementor-icon-box-wrapper\">\n\n\t\t\t\t\t\t<div class=\"elementor-icon-box-icon\">\n\t\t\t\t<a href=\"tel:972544004\" class=\"elementor-icon\" tabindex=\"-1\" aria-label=\"972 54 40 04\">\n\t\t\t\t<i aria-hidden=\"true\" class=\"fas fa-phone-alt\"><\/i>\t\t\t\t<\/a>\n\t\t\t<\/div>\n\t\t\t\n\t\t\t\t\t\t<div class=\"elementor-icon-box-content\">\n\n\t\t\t\t\t\t\t\t\t<h3 class=\"elementor-icon-box-title\">\n\t\t\t\t\t\t<a href=\"tel:972544004\" >\n\t\t\t\t\t\t\t972 54 40 04\t\t\t\t\t\t<\/a>\n\t\t\t\t\t<\/h3>\n\t\t\t\t\n\t\t\t\t\n\t\t\t<\/div>\n\t\t\t\n\t\t<\/div>\n\t\t\t\t\t\t<\/div>\n\t\t\t\t<\/div>\n\t\t\t\t\t<\/div>\n\t\t<\/div>\n\t\t\t\t<div class=\"elementor-column elementor-col-33 elementor-inner-column elementor-element elementor-element-1e1b3d6\" data-id=\"1e1b3d6\" data-element_type=\"column\">\n\t\t\t<div class=\"elementor-widget-wrap elementor-element-populated\">\n\t\t\t\t\t\t<div class=\"elementor-element elementor-element-5758e75 elementor-view-default elementor-position-top elementor-mobile-position-top elementor-widget elementor-widget-icon-box\" data-id=\"5758e75\" data-element_type=\"widget\" data-widget_type=\"icon-box.default\">\n\t\t\t\t<div class=\"elementor-widget-container\">\n\t\t\t\t\t\t\t<div class=\"elementor-icon-box-wrapper\">\n\n\t\t\t\t\t\t<div class=\"elementor-icon-box-icon\">\n\t\t\t\t<a href=\"tel:677241932\" class=\"elementor-icon\" tabindex=\"-1\" aria-label=\"677 24 19 32\">\n\t\t\t\t<i aria-hidden=\"true\" class=\"fas fa-phone-alt\"><\/i>\t\t\t\t<\/a>\n\t\t\t<\/div>\n\t\t\t\n\t\t\t\t\t\t<div class=\"elementor-icon-box-content\">\n\n\t\t\t\t\t\t\t\t\t<h3 class=\"elementor-icon-box-title\">\n\t\t\t\t\t\t<a href=\"tel:677241932\" >\n\t\t\t\t\t\t\t677 24 19 32\t\t\t\t\t\t<\/a>\n\t\t\t\t\t<\/h3>\n\t\t\t\t\n\t\t\t\t\n\t\t\t<\/div>\n\t\t\t\n\t\t<\/div>\n\t\t\t\t\t\t<\/div>\n\t\t\t\t<\/div>\n\t\t\t\t\t<\/div>\n\t\t<\/div>\n\t\t\t\t<div class=\"elementor-column elementor-col-33 elementor-inner-column elementor-element elementor-element-ca92067\" data-id=\"ca92067\" data-element_type=\"column\">\n\t\t\t<div class=\"elementor-widget-wrap elementor-element-populated\">\n\t\t\t\t\t\t<div class=\"elementor-element elementor-element-39108b5 elementor-view-default elementor-position-top elementor-mobile-position-top elementor-widget elementor-widget-icon-box\" data-id=\"39108b5\" data-element_type=\"widget\" data-widget_type=\"icon-box.default\">\n\t\t\t\t<div class=\"elementor-widget-container\">\n\t\t\t\t\t\t\t<div class=\"elementor-icon-box-wrapper\">\n\n\t\t\t\t\t\t<div class=\"elementor-icon-box-icon\">\n\t\t\t\t<a href=\"mailto:elmolidenrobert@ofiweb.cat\" class=\"elementor-icon\" tabindex=\"-1\" aria-label=\"elmolidenrobert@ofiweb.cat\">\n\t\t\t\t<i aria-hidden=\"true\" class=\"fas fa-envelope\"><\/i>\t\t\t\t<\/a>\n\t\t\t<\/div>\n\t\t\t\n\t\t\t\t\t\t<div class=\"elementor-icon-box-content\">\n\n\t\t\t\t\t\t\t\t\t<h3 class=\"elementor-icon-box-title\">\n\t\t\t\t\t\t<a href=\"mailto:elmolidenrobert@ofiweb.cat\" >\n\t\t\t\t\t\t\telmolidenrobert@ofiweb.cat\t\t\t\t\t\t<\/a>\n\t\t\t\t\t<\/h3>\n\t\t\t\t\n\t\t\t\t\n\t\t\t<\/div>\n\t\t\t\n\t\t<\/div>\n\t\t\t\t\t\t<\/div>\n\t\t\t\t<\/div>\n\t\t\t\t\t<\/div>\n\t\t<\/div>\n\t\t\t\t\t<\/div>\n\t\t<\/section>\n\t\t\t\t\t<\/div>\n\t\t<\/div>\n\t\t\t\t\t<\/div>\n\t\t<\/section>\n\t\t\t\t<section class=\"elementor-section elementor-top-section elementor-element elementor-element-30075d4 elementor-hidden-desktop elementor-hidden-tablet elementor-hidden-phone elementor-section-boxed elementor-section-height-default elementor-section-height-default\" data-id=\"30075d4\" data-element_type=\"section\">\n\t\t\t\t\t\t<div class=\"elementor-container elementor-column-gap-default\">\n\t\t\t\t\t<div class=\"elementor-column elementor-col-100 elementor-top-column elementor-element elementor-element-6c18a81\" data-id=\"6c18a81\" data-element_type=\"column\">\n\t\t\t<div class=\"elementor-widget-wrap elementor-element-populated\">\n\t\t\t\t\t\t<div class=\"elementor-element elementor-element-4acca51 elementor-widget elementor-widget-heading\" data-id=\"4acca51\" data-element_type=\"widget\" data-widget_type=\"heading.default\">\n\t\t\t\t<div class=\"elementor-widget-container\">\n\t\t\t\t\t<h2 class=\"elementor-heading-title elementor-size-default\">Formulari de contacte<\/h2>\t\t\t\t<\/div>\n\t\t\t\t<\/div>\n\t\t\t\t<div class=\"elementor-element elementor-element-565e4ff elementor-widget elementor-widget-shortcode\" data-id=\"565e4ff\" data-element_type=\"widget\" data-widget_type=\"shortcode.default\">\n\t\t\t\t<div class=\"elementor-widget-container\">\n\t\t\t\t\t\t\t<div class=\"elementor-shortcode\">\n<div class=\"wpcf7 no-js\" id=\"wpcf7-f2056-o1\" lang=\"ca\" dir=\"ltr\" data-wpcf7-id=\"2056\">\n<div class=\"screen-reader-response\"><p role=\"status\" aria-live=\"polite\" aria-atomic=\"true\"><\/p> <ul><\/ul><\/div>\n<form action=\"\/ca\/wp-json\/wp\/v2\/pages\/1932#wpcf7-f2056-o1\" method=\"post\" class=\"wpcf7-form init\" aria-label=\"Formulari de contacte\" novalidate=\"novalidate\" data-status=\"init\">\n<fieldset class=\"hidden-fields-container\"><input type=\"hidden\" name=\"_wpcf7\" value=\"2056\" \/><input type=\"hidden\" name=\"_wpcf7_version\" value=\"6.1.1\" \/><input type=\"hidden\" name=\"_wpcf7_locale\" value=\"ca\" \/><input type=\"hidden\" name=\"_wpcf7_unit_tag\" value=\"wpcf7-f2056-o1\" \/><input type=\"hidden\" name=\"_wpcf7_container_post\" value=\"0\" \/><input type=\"hidden\" name=\"_wpcf7_posted_data_hash\" value=\"\" \/><input type=\"hidden\" name=\"_wpcf7_recaptcha_response\" value=\"\" \/>\n<\/fieldset>\n<div class=\"f-row\">\n\t<div class=\"f-w-50 f-d-inline\">\n\t\t<p><span class=\"wpcf7-form-control-wrap\" data-name=\"your-name\"><input size=\"40\" maxlength=\"400\" class=\"wpcf7-form-control wpcf7-text wpcf7-validates-as-required\" aria-required=\"true\" aria-invalid=\"false\" placeholder=\"Nom *\" value=\"\" type=\"text\" name=\"your-name\" \/><\/span>\n\t\t<\/p>\n\t<\/div>\n\t<div class=\"f-w-50 f-d-inline\">\n\t\t<p><span class=\"wpcf7-form-control-wrap\" data-name=\"your-email\"><input size=\"40\" maxlength=\"400\" class=\"wpcf7-form-control wpcf7-email wpcf7-validates-as-required wpcf7-text wpcf7-validates-as-email\" aria-required=\"true\" aria-invalid=\"false\" placeholder=\"Email\" value=\"\" type=\"email\" name=\"your-email\" \/><\/span>\n\t\t<\/p>\n\t<\/div>\n<\/div>\n<div class=\"f-row\">\n\t<div class=\"f-w-50 f-d-inline\">\n\t\t<p><span class=\"wpcf7-form-control-wrap\" data-name=\"your-subject\"><input size=\"40\" maxlength=\"400\" class=\"wpcf7-form-control wpcf7-text\" aria-invalid=\"false\" placeholder=\"Assumpte\" value=\"\" type=\"text\" name=\"your-subject\" \/><\/span>\n\t\t<\/p>\n\t<\/div>\n\t<div class=\"f-w-50 f-d-inline\">\n\t\t<p><span class=\"wpcf7-form-control-wrap\" data-name=\"your-tel\"><input size=\"40\" maxlength=\"400\" class=\"wpcf7-form-control wpcf7-tel wpcf7-text wpcf7-validates-as-tel\" aria-invalid=\"false\" value=\"Tel\u00e8fon\" type=\"tel\" name=\"your-tel\" \/><\/span>\n\t\t<\/p>\n\t<\/div>\n<\/div>\n<div class=\"f-row\">\n\t<p><span class=\"wpcf7-form-control-wrap\" data-name=\"your-message\"><textarea cols=\"40\" rows=\"10\" maxlength=\"2000\" class=\"wpcf7-form-control wpcf7-textarea\" aria-invalid=\"false\" name=\"your-message\"><\/textarea><\/span>\n\t<\/p>\n<\/div>\n<div class=\"f-row\">\n\t<p><span class=\"wpcf7-form-control-wrap\" data-name=\"acceptance-930\"><span class=\"wpcf7-form-control wpcf7-acceptance\"><span class=\"wpcf7-list-item\"><input type=\"checkbox\" name=\"acceptance-930\" value=\"1\" aria-invalid=\"false\" \/><\/span><\/span><\/span> ENTENC I ACCEPTO la pol\u00edtica de privacitat. *\n\t<\/p>\n<\/div>\n<div class=\"f-row f-text-align-r\">\n\t<p><input class=\"wpcf7-form-control wpcf7-submit has-spinner\" type=\"submit\" value=\"Enviar\" \/>\n\t<\/p>\n<\/div><div class=\"wpcf7-response-output\" aria-hidden=\"true\"><\/div>\n<\/form>\n<\/div>\n<\/div>\n\t\t\t\t\t\t<\/div>\n\t\t\t\t<\/div>\n\t\t\t\t<div class=\"elementor-element elementor-element-25416e9 elementor-widget elementor-widget-heading\" data-id=\"25416e9\" data-element_type=\"widget\" data-widget_type=\"heading.default\">\n\t\t\t\t<div class=\"elementor-widget-container\">\n\t\t\t\t\t<h2 class=\"elementor-heading-title elementor-size-small\">* Per fer efectiva la reserva \u00e9s necess\u00e0ria confirmaci\u00f3 per part del restaurant<\/h2>\t\t\t\t<\/div>\n\t\t\t\t<\/div>\n\t\t\t\t\t<\/div>\n\t\t<\/div>\n\t\t\t\t\t<\/div>\n\t\t<\/section>\n\t\t\t\t<section class=\"elementor-section elementor-top-section elementor-element elementor-element-b650fb6 elementor-section-boxed elementor-section-height-default elementor-section-height-default\" data-id=\"b650fb6\" data-element_type=\"section\">\n\t\t\t\t\t\t<div class=\"elementor-container elementor-column-gap-default\">\n\t\t\t\t\t<div class=\"elementor-column elementor-col-100 elementor-top-column elementor-element elementor-element-364e1bd\" data-id=\"364e1bd\" data-element_type=\"column\">\n\t\t\t<div class=\"elementor-widget-wrap elementor-element-populated\">\n\t\t\t\t\t\t<div class=\"elementor-element elementor-element-bd8f145 elementor-widget elementor-widget-shortcode\" data-id=\"bd8f145\" data-element_type=\"widget\" data-widget_type=\"shortcode.default\">\n\t\t\t\t<div class=\"elementor-widget-container\">\n\t\t\t\t\t\t\t<div class=\"elementor-shortcode\">\t\t<div data-elementor-type=\"section\" data-elementor-id=\"2528\" class=\"elementor elementor-2528 elementor-2516\" data-elementor-post-type=\"elementor_library\">\n\t\t\t\t\t<section class=\"elementor-section elementor-top-section elementor-element elementor-element-a9b2cfd elementor-section-boxed elementor-section-height-default elementor-section-height-default\" data-id=\"a9b2cfd\" data-element_type=\"section\">\n\t\t\t\t\t\t<div class=\"elementor-container elementor-column-gap-default\">\n\t\t\t\t\t<div class=\"elementor-column elementor-col-100 elementor-top-column elementor-element elementor-element-91ba361\" data-id=\"91ba361\" data-element_type=\"column\">\n\t\t\t<div class=\"elementor-widget-wrap elementor-element-populated\">\n\t\t\t\t\t\t<div class=\"elementor-element elementor-element-f19df49 elementor-widget elementor-widget-heading\" data-id=\"f19df49\" data-element_type=\"widget\" data-widget_type=\"heading.default\">\n\t\t\t\t<div class=\"elementor-widget-container\">\n\t\t\t\t\t<h2 class=\"elementor-heading-title elementor-size-default\">Horaris<\/h2>\t\t\t\t<\/div>\n\t\t\t\t<\/div>\n\t\t\t\t<div class=\"elementor-element elementor-element-4c684bc elementor-widget elementor-widget-pp-business-hours\" data-id=\"4c684bc\" data-element_type=\"widget\" data-widget_type=\"pp-business-hours.default\">\n\t\t\t\t<div class=\"elementor-widget-container\">\n\t\t\t\t\t\t\t<div class=\"pp-business-hours\">\n\t\t\t\t\t\t\t\t\t\t\t\t\t\t<div class=\"pp-business-hours-row clearfix elementor-repeater-item-4e38408 row-closed\">\n\t\t\t\t\t\t\t\t\t\t\t<span class=\"pp-business-day\">\n\t\t\t\t\t\t\tDesembre Gener i Febrer\t\t\t\t\t\t<\/span>\n\t\t\t\t\t\t\t\t\t\t<span class=\"pp-business-timing\">\n\t\t\t\t\t\tTancat\t\t\t\t\t<\/span>\n\t\t\t\t<\/div>\n\t\t\t\t\t\t\t\t\t\t\t\t<div class=\"pp-business-hours-row clearfix elementor-repeater-item-24e147d\">\n\t\t\t\t\t\t\t\t\t\t\t<span class=\"pp-business-day\">\n\t\t\t\t\t\t\tMar\u00e7 Abril i Maig\t\t\t\t\t\t<\/span>\n\t\t\t\t\t\t\t\t\t\t<span class=\"pp-business-timing\">\n\t\t\t\t\t\tDe 9 del mat\u00ed a 5 de la tarda caps de setmana i festius\t\t\t\t\t<\/span>\n\t\t\t\t<\/div>\n\t\t\t\t\t\t\t\t\t\t\t\t<div class=\"pp-business-hours-row clearfix elementor-repeater-item-131de4e\">\n\t\t\t\t\t\t\t\t\t\t\t<span class=\"pp-business-day\">\n\t\t\t\t\t\t\tJuny, Juliol, Agost i Setembre\t\t\t\t\t\t<\/span>\n\t\t\t\t\t\t\t\t\t\t<span class=\"pp-business-timing\">\n\t\t\t\t\t\tDe les 9 del mat\u00ed a les 5 de la tarda\t\t\t\t\t<\/span>\n\t\t\t\t<\/div>\n\t\t\t\t\t\t\t\t\t\t\t\t<div class=\"pp-business-hours-row clearfix elementor-repeater-item-dc620dc\">\n\t\t\t\t\t\t\t\t\t\t\t<span class=\"pp-business-day\">\n\t\t\t\t\t\t\tOctubre i Novembre\t\t\t\t\t\t<\/span>\n\t\t\t\t\t\t\t\t\t\t<span class=\"pp-business-timing\">\n\t\t\t\t\t\tDe 9 del mat\u00ed a 5 de la tarda caps de setmana i festius\t\t\t\t\t<\/span>\n\t\t\t\t<\/div>\n\t\t\t\t\t\t\t\t<\/div>\n\t\t\t\t\t\t<\/div>\n\t\t\t\t<\/div>\n\t\t\t\t\t<\/div>\n\t\t<\/div>\n\t\t\t\t\t<\/div>\n\t\t<\/section>\n\t\t\t\t<\/div>\n\t\t<\/div>\n\t\t\t\t\t\t<\/div>\n\t\t\t\t<\/div>\n\t\t\t\t\t<\/div>\n\t\t<\/div>\n\t\t\t\t\t<\/div>\n\t\t<\/section>\n\t\t\t\t<section class=\"elementor-section elementor-top-section elementor-element elementor-element-0ed558b elementor-section-full_width elementor-section-height-default elementor-section-height-default\" data-id=\"0ed558b\" data-element_type=\"section\">\n\t\t\t\t\t\t<div class=\"elementor-container elementor-column-gap-no\">\n\t\t\t\t\t<div class=\"elementor-column elementor-col-100 elementor-top-column elementor-element elementor-element-e342a32\" data-id=\"e342a32\" data-element_type=\"column\">\n\t\t\t<div class=\"elementor-widget-wrap elementor-element-populated\">\n\t\t\t\t\t\t<div class=\"elementor-element elementor-element-b3bff8b elementor-widget elementor-widget-google_maps\" data-id=\"b3bff8b\" data-element_type=\"widget\" data-widget_type=\"google_maps.default\">\n\t\t\t\t<div class=\"elementor-widget-container\">\n\t\t\t\t\t\t\t<div class=\"elementor-custom-embed\">\n\t\t\t<iframe\n\t\t\t\t\tdata-src=\"https:\/\/maps.google.com\/maps?q=El%20Moli%20d%27en%20Robert&#038;t=m&#038;z=12&#038;output=embed&#038;iwloc=near\"\n\t\t\t\t\ttitle=\"El Moli d&#039;en Robert\"\n\t\t\t\t\taria-label=\"El Moli d&#039;en Robert\"\n\t\t\t src=\"data:image\/svg+xml;base64,PHN2ZyB3aWR0aD0iMSIgaGVpZ2h0PSIxIiB4bWxucz0iaHR0cDovL3d3dy53My5vcmcvMjAwMC9zdmciPjwvc3ZnPg==\" class=\"lazyload\" data-load-mode=\"1\"><\/iframe>\n\t\t<\/div>\n\t\t\t\t\t\t<\/div>\n\t\t\t\t<\/div>\n\t\t\t\t\t<\/div>\n\t\t<\/div>\n\t\t\t\t\t<\/div>\n\t\t<\/section>\n\t\t\t\t<\/div>\n\t\t","protected":false},"excerpt":{"rendered":"<p>Reserva taula en El Mol\u00ed d&#8217;en Robert Reserves per tel\u00e8fon Per raons de cobertura no podem cobrar amb targeta. Gr\u00e0cies per la vostra comprensi\u00f3.Cal confirmaci\u00f3 de reserva per part del restaurant. Pot realitzar la sol\u00b7licitud a trav\u00e9s de: 972 54 40 04 677 24 19 32 elmolidenrobert@ofiweb.cat Formulari de contacte * Per fer efectiva la reserva \u00e9s necess\u00e0ria confirmaci\u00f3 per part del restaurant<\/p>\n","protected":false},"author":1,"featured_media":0,"parent":0,"menu_order":0,"comment_status":"closed","ping_status":"closed","template":"elementor_header_footer","meta":{"footnotes":""},"class_list":["post-1932","page","type-page","status-publish"],"yoast_head":"<!-- This site is optimized with the Yoast SEO plugin v26.0 - https:\/\/yoast.com\/wordpress\/plugins\/seo\/ -->\n<title>Contacte - El mol\u00ed d&#039;en Robert<\/title>\n<meta name=\"description\" content=\"Si vols reservar taula o tens cap dubte posat en contacte amb nosaltres.\" \/>\n<meta name=\"robots\" content=\"index, follow, max-snippet:-1, max-image-preview:large, max-video-preview:-1\" \/>\n<link rel=\"canonical\" href=\"https:\/\/elmolidenrobert.com\/ca\/situacio-i-reserva\/\" \/>\n<meta property=\"og:locale\" content=\"ca_ES\" \/>\n<meta property=\"og:type\" content=\"article\" \/>\n<meta property=\"og:title\" content=\"Contacte - El mol\u00ed d&#039;en Robert\" \/>\n<meta property=\"og:description\" content=\"Si vols reservar taula o tens cap dubte posat en contacte amb nosaltres.\" \/>\n<meta property=\"og:url\" content=\"https:\/\/elmolidenrobert.com\/ca\/situacio-i-reserva\/\" \/>\n<meta property=\"og:site_name\" content=\"El mol\u00ed d&#039;en Robert\" \/>\n<meta property=\"article:modified_time\" content=\"2024-07-16T09:23:32+00:00\" \/>\n<meta name=\"twitter:card\" content=\"summary_large_image\" \/>\n<meta name=\"twitter:label1\" content=\"Temps estimat de lectura\" \/>\n\t<meta name=\"twitter:data1\" content=\"2 minuts\" \/>\n<script type=\"application\/ld+json\" class=\"yoast-schema-graph\">{\"@context\":\"https:\/\/schema.org\",\"@graph\":[{\"@type\":\"WebPage\",\"@id\":\"https:\/\/elmolidenrobert.com\/ca\/situacio-i-reserva\/\",\"url\":\"https:\/\/elmolidenrobert.com\/ca\/situacio-i-reserva\/\",\"name\":\"Contacte - El mol\u00ed d&#039;en Robert\",\"isPartOf\":{\"@id\":\"https:\/\/elmolidenrobert.com\/ca\/#website\"},\"datePublished\":\"2020-03-25T12:06:03+00:00\",\"dateModified\":\"2024-07-16T09:23:32+00:00\",\"description\":\"Si vols reservar taula o tens cap dubte posat en contacte amb nosaltres.\",\"breadcrumb\":{\"@id\":\"https:\/\/elmolidenrobert.com\/ca\/situacio-i-reserva\/#breadcrumb\"},\"inLanguage\":\"ca\",\"potentialAction\":[{\"@type\":\"ReadAction\",\"target\":[\"https:\/\/elmolidenrobert.com\/ca\/situacio-i-reserva\/\"]}]},{\"@type\":\"BreadcrumbList\",\"@id\":\"https:\/\/elmolidenrobert.com\/ca\/situacio-i-reserva\/#breadcrumb\",\"itemListElement\":[{\"@type\":\"ListItem\",\"position\":1,\"name\":\"Portada\",\"item\":\"https:\/\/elmolidenrobert.com\/ca\/\"},{\"@type\":\"ListItem\",\"position\":2,\"name\":\"Contacte\"}]},{\"@type\":\"WebSite\",\"@id\":\"https:\/\/elmolidenrobert.com\/ca\/#website\",\"url\":\"https:\/\/elmolidenrobert.com\/ca\/\",\"name\":\"El mol\u00ed d&#039;en Robert\",\"description\":\"Un restaurant de familia per a la familia\",\"publisher\":{\"@id\":\"https:\/\/elmolidenrobert.com\/ca\/#organization\"},\"potentialAction\":[{\"@type\":\"SearchAction\",\"target\":{\"@type\":\"EntryPoint\",\"urlTemplate\":\"https:\/\/elmolidenrobert.com\/ca\/?s={search_term_string}\"},\"query-input\":{\"@type\":\"PropertyValueSpecification\",\"valueRequired\":true,\"valueName\":\"search_term_string\"}}],\"inLanguage\":\"ca\"},{\"@type\":\"Organization\",\"@id\":\"https:\/\/elmolidenrobert.com\/ca\/#organization\",\"name\":\"El mol\u00ed d&#039;en Robert\",\"url\":\"https:\/\/elmolidenrobert.com\/ca\/\",\"logo\":{\"@type\":\"ImageObject\",\"inLanguage\":\"ca\",\"@id\":\"https:\/\/elmolidenrobert.com\/ca\/#\/schema\/logo\/image\/\",\"url\":\"https:\/\/elmolidenrobert.com\/wp-content\/uploads\/2020\/01\/Logo-negatiu.png\",\"contentUrl\":\"https:\/\/elmolidenrobert.com\/wp-content\/uploads\/2020\/01\/Logo-negatiu.png\",\"width\":500,\"height\":500,\"caption\":\"El mol\u00ed d&#039;en Robert\"},\"image\":{\"@id\":\"https:\/\/elmolidenrobert.com\/ca\/#\/schema\/logo\/image\/\"}}]}<\/script>\n<!-- \/ Yoast SEO plugin. -->","yoast_head_json":{"title":"Contacte - El mol\u00ed d&#039;en Robert","description":"Si vols reservar taula o tens cap dubte posat en contacte amb nosaltres.","robots":{"index":"index","follow":"follow","max-snippet":"max-snippet:-1","max-image-preview":"max-image-preview:large","max-video-preview":"max-video-preview:-1"},"canonical":"https:\/\/elmolidenrobert.com\/ca\/situacio-i-reserva\/","og_locale":"ca_ES","og_type":"article","og_title":"Contacte - El mol\u00ed d&#039;en Robert","og_description":"Si vols reservar taula o tens cap dubte posat en contacte amb nosaltres.","og_url":"https:\/\/elmolidenrobert.com\/ca\/situacio-i-reserva\/","og_site_name":"El mol\u00ed d&#039;en Robert","article_modified_time":"2024-07-16T09:23:32+00:00","twitter_card":"summary_large_image","twitter_misc":{"Temps estimat de lectura":"2 minuts"},"schema":{"@context":"https:\/\/schema.org","@graph":[{"@type":"WebPage","@id":"https:\/\/elmolidenrobert.com\/ca\/situacio-i-reserva\/","url":"https:\/\/elmolidenrobert.com\/ca\/situacio-i-reserva\/","name":"Contacte - El mol\u00ed d&#039;en Robert","isPartOf":{"@id":"https:\/\/elmolidenrobert.com\/ca\/#website"},"datePublished":"2020-03-25T12:06:03+00:00","dateModified":"2024-07-16T09:23:32+00:00","description":"Si vols reservar taula o tens cap dubte posat en contacte amb nosaltres.","breadcrumb":{"@id":"https:\/\/elmolidenrobert.com\/ca\/situacio-i-reserva\/#breadcrumb"},"inLanguage":"ca","potentialAction":[{"@type":"ReadAction","target":["https:\/\/elmolidenrobert.com\/ca\/situacio-i-reserva\/"]}]},{"@type":"BreadcrumbList","@id":"https:\/\/elmolidenrobert.com\/ca\/situacio-i-reserva\/#breadcrumb","itemListElement":[{"@type":"ListItem","position":1,"name":"Portada","item":"https:\/\/elmolidenrobert.com\/ca\/"},{"@type":"ListItem","position":2,"name":"Contacte"}]},{"@type":"WebSite","@id":"https:\/\/elmolidenrobert.com\/ca\/#website","url":"https:\/\/elmolidenrobert.com\/ca\/","name":"El mol\u00ed d&#039;en Robert","description":"Un restaurant de familia per a la familia","publisher":{"@id":"https:\/\/elmolidenrobert.com\/ca\/#organization"},"potentialAction":[{"@type":"SearchAction","target":{"@type":"EntryPoint","urlTemplate":"https:\/\/elmolidenrobert.com\/ca\/?s={search_term_string}"},"query-input":{"@type":"PropertyValueSpecification","valueRequired":true,"valueName":"search_term_string"}}],"inLanguage":"ca"},{"@type":"Organization","@id":"https:\/\/elmolidenrobert.com\/ca\/#organization","name":"El mol\u00ed d&#039;en Robert","url":"https:\/\/elmolidenrobert.com\/ca\/","logo":{"@type":"ImageObject","inLanguage":"ca","@id":"https:\/\/elmolidenrobert.com\/ca\/#\/schema\/logo\/image\/","url":"https:\/\/elmolidenrobert.com\/wp-content\/uploads\/2020\/01\/Logo-negatiu.png","contentUrl":"https:\/\/elmolidenrobert.com\/wp-content\/uploads\/2020\/01\/Logo-negatiu.png","width":500,"height":500,"caption":"El mol\u00ed d&#039;en Robert"},"image":{"@id":"https:\/\/elmolidenrobert.com\/ca\/#\/schema\/logo\/image\/"}}]}},"_links":{"self":[{"href":"https:\/\/elmolidenrobert.com\/ca\/wp-json\/wp\/v2\/pages\/1932","targetHints":{"allow":["GET"]}}],"collection":[{"href":"https:\/\/elmolidenrobert.com\/ca\/wp-json\/wp\/v2\/pages"}],"about":[{"href":"https:\/\/elmolidenrobert.com\/ca\/wp-json\/wp\/v2\/types\/page"}],"author":[{"embeddable":true,"href":"https:\/\/elmolidenrobert.com\/ca\/wp-json\/wp\/v2\/users\/1"}],"replies":[{"embeddable":true,"href":"https:\/\/elmolidenrobert.com\/ca\/wp-json\/wp\/v2\/comments?post=1932"}],"version-history":[{"count":31,"href":"https:\/\/elmolidenrobert.com\/ca\/wp-json\/wp\/v2\/pages\/1932\/revisions"}],"predecessor-version":[{"id":2548,"href":"https:\/\/elmolidenrobert.com\/ca\/wp-json\/wp\/v2\/pages\/1932\/revisions\/2548"}],"wp:attachment":[{"href":"https:\/\/elmolidenrobert.com\/ca\/wp-json\/wp\/v2\/media?parent=1932"}],"curies":[{"name":"wp","href":"https:\/\/api.w.org\/{rel}","templated":true}]}}