{"id":1920,"date":"2020-03-25T09:44:45","date_gmt":"2020-03-25T09:44:45","guid":{"rendered":"https:\/\/elmolidenrobert.com\/ueber-uns\/"},"modified":"2024-07-16T09:37:52","modified_gmt":"2024-07-16T09:37:52","slug":"ueber-uns","status":"publish","type":"page","link":"https:\/\/elmolidenrobert.com\/de\/ueber-uns\/","title":{"rendered":"\u00dcber uns"},"content":{"rendered":"\t\t<div data-elementor-type=\"wp-page\" data-elementor-id=\"1920\" class=\"elementor elementor-1920 elementor-1510\" data-elementor-post-type=\"page\">\n\t\t\t\t\t\t<section class=\"elementor-section elementor-top-section elementor-element elementor-element-8406684 elementor-section-stretched elementor-section-full_width elementor-section-height-min-height elementor-section-height-default elementor-section-items-middle\" data-id=\"8406684\" data-element_type=\"section\" data-settings=\"{&quot;stretch_section&quot;:&quot;section-stretched&quot;,&quot;background_background&quot;:&quot;slideshow&quot;,&quot;background_slideshow_gallery&quot;:[{&quot;id&quot;:1764,&quot;url&quot;:&quot;https:\\\/\\\/elmolidenrobert.com\\\/wp-content\\\/uploads\\\/2020\\\/01\\\/08FJ8171.jpg&quot;},{&quot;id&quot;:1769,&quot;url&quot;:&quot;https:\\\/\\\/elmolidenrobert.com\\\/wp-content\\\/uploads\\\/2020\\\/01\\\/DJI_0843.jpg&quot;},{&quot;id&quot;:1774,&quot;url&quot;:&quot;https:\\\/\\\/elmolidenrobert.com\\\/wp-content\\\/uploads\\\/2020\\\/01\\\/DJI_0810.jpg&quot;}],&quot;background_slideshow_loop&quot;:&quot;yes&quot;,&quot;background_slideshow_slide_duration&quot;:5000,&quot;background_slideshow_slide_transition&quot;:&quot;fade&quot;,&quot;background_slideshow_transition_duration&quot;:500}\">\n\t\t\t\t\t\t<div class=\"elementor-container elementor-column-gap-default\">\n\t\t\t\t\t<div class=\"elementor-column elementor-col-100 elementor-top-column elementor-element elementor-element-146ef9c\" data-id=\"146ef9c\" data-element_type=\"column\">\n\t\t\t<div class=\"elementor-widget-wrap\">\n\t\t\t\t\t\t\t<\/div>\n\t\t<\/div>\n\t\t\t\t\t<\/div>\n\t\t<\/section>\n\t\t\t\t<section class=\"elementor-section elementor-top-section elementor-element elementor-element-f6f8ff8 elementor-section-boxed elementor-section-height-default elementor-section-height-default\" data-id=\"f6f8ff8\" data-element_type=\"section\">\n\t\t\t\t\t\t<div class=\"elementor-container elementor-column-gap-default\">\n\t\t\t\t\t<div class=\"elementor-column elementor-col-100 elementor-top-column elementor-element elementor-element-84bff21\" data-id=\"84bff21\" data-element_type=\"column\">\n\t\t\t<div class=\"elementor-widget-wrap elementor-element-populated\">\n\t\t\t\t\t\t<div class=\"elementor-element elementor-element-522ec24 elementor-widget elementor-widget-heading\" data-id=\"522ec24\" data-element_type=\"widget\" data-widget_type=\"heading.default\">\n\t\t\t\t<div class=\"elementor-widget-container\">\n\t\t\t\t\t<h2 class=\"elementor-heading-title elementor-size-default\">Was ist der Mol\u00ed d'en Robert?<\/h2>\t\t\t\t<\/div>\n\t\t\t\t<\/div>\n\t\t\t\t<div class=\"elementor-element elementor-element-327fb8e elementor-widget elementor-widget-text-editor\" data-id=\"327fb8e\" data-element_type=\"widget\" data-widget_type=\"text-editor.default\">\n\t\t\t\t<div class=\"elementor-widget-container\">\n\t\t\t\t\t\t\t\t\t<p>Das Mol\u00ed d&#8217;en Robert, vier Kilometer vom Ma\u00e7anet de Cabrenys entfernt, ist ein Restaurant an einem privilegierten Ort im Alt Empord\u00e0, neben einer nat\u00fcrlichen Umgebung mit B\u00e4umen und einem Fluss, der sich hervorragend f\u00fcr einen Tag in der freien Natur eignet Familie oder Freunde. Das Restaurant verf\u00fcgt \u00fcber einen Kinderpark, in dem Eltern und Kinder die Erfahrung genie\u00dfen k\u00f6nnen.<\/p>\n<p>Im Restaurant bieten wir dank der F\u00fctterung des Grills mit Eichenholz eine gro\u00dfe Auswahl an erstklassigen Vorspeisen und gegrilltem Fleisch. Eines unserer Hauptgerichte sind Schnecken.<\/p>\n\t\t\t\t\t\t\t\t<\/div>\n\t\t\t\t<\/div>\n\t\t\t\t\t<\/div>\n\t\t<\/div>\n\t\t\t\t\t<\/div>\n\t\t<\/section>\n\t\t\t\t<section class=\"elementor-section elementor-top-section elementor-element elementor-element-7fe851a elementor-section-boxed elementor-section-height-default elementor-section-height-default\" data-id=\"7fe851a\" data-element_type=\"section\">\n\t\t\t\t\t\t<div class=\"elementor-container elementor-column-gap-default\">\n\t\t\t\t\t<div class=\"elementor-column elementor-col-100 elementor-top-column elementor-element elementor-element-b889ce9\" data-id=\"b889ce9\" data-element_type=\"column\">\n\t\t\t<div class=\"elementor-widget-wrap elementor-element-populated\">\n\t\t\t\t\t\t<div class=\"elementor-element elementor-element-bddfe0b elementor-widget elementor-widget-shortcode\" data-id=\"bddfe0b\" data-element_type=\"widget\" data-widget_type=\"shortcode.default\">\n\t\t\t\t<div class=\"elementor-widget-container\">\n\t\t\t\t\t\t\t<div class=\"elementor-shortcode\">\t\t<div data-elementor-type=\"section\" data-elementor-id=\"2534\" class=\"elementor elementor-2534 elementor-2516\" data-elementor-post-type=\"elementor_library\">\n\t\t\t\t\t<section class=\"elementor-section elementor-top-section elementor-element elementor-element-a9b2cfd elementor-section-boxed elementor-section-height-default elementor-section-height-default\" data-id=\"a9b2cfd\" data-element_type=\"section\">\n\t\t\t\t\t\t<div class=\"elementor-container elementor-column-gap-default\">\n\t\t\t\t\t<div class=\"elementor-column elementor-col-100 elementor-top-column elementor-element elementor-element-91ba361\" data-id=\"91ba361\" data-element_type=\"column\">\n\t\t\t<div class=\"elementor-widget-wrap elementor-element-populated\">\n\t\t\t\t\t\t<div class=\"elementor-element elementor-element-f19df49 elementor-widget elementor-widget-heading\" data-id=\"f19df49\" data-element_type=\"widget\" data-widget_type=\"heading.default\">\n\t\t\t\t<div class=\"elementor-widget-container\">\n\t\t\t\t\t<h2 class=\"elementor-heading-title elementor-size-default\">ZEITPLAN<\/h2>\t\t\t\t<\/div>\n\t\t\t\t<\/div>\n\t\t\t\t<div class=\"elementor-element elementor-element-4c684bc elementor-widget elementor-widget-pp-business-hours\" data-id=\"4c684bc\" data-element_type=\"widget\" data-widget_type=\"pp-business-hours.default\">\n\t\t\t\t<div class=\"elementor-widget-container\">\n\t\t\t\t\t\t\t<div class=\"pp-business-hours\">\n\t\t\t\t\t\t\t\t\t\t\t\t\t\t<div class=\"pp-business-hours-row clearfix elementor-repeater-item-4e38408 row-closed\">\n\t\t\t\t\t\t\t\t\t\t\t<span class=\"pp-business-day\">\n\t\t\t\t\t\t\tDezember, Januar und Februar\t\t\t\t\t\t<\/span>\n\t\t\t\t\t\t\t\t\t\t<span class=\"pp-business-timing\">\n\t\t\t\t\t\tGeschlossen\t\t\t\t\t<\/span>\n\t\t\t\t<\/div>\n\t\t\t\t\t\t\t\t\t\t\t\t<div class=\"pp-business-hours-row clearfix elementor-repeater-item-24e147d\">\n\t\t\t\t\t\t\t\t\t\t\t<span class=\"pp-business-day\">\n\t\t\t\t\t\t\tM\u00e4rz, April und Mai\t\t\t\t\t\t<\/span>\n\t\t\t\t\t\t\t\t\t\t<span class=\"pp-business-timing\">\n\t\t\t\t\t\tAn Wochenenden und Feiertagen von 9 bis 17 Uhr ge\u00f6ffnet\t\t\t\t\t<\/span>\n\t\t\t\t<\/div>\n\t\t\t\t\t\t\t\t\t\t\t\t<div class=\"pp-business-hours-row clearfix elementor-repeater-item-131de4e\">\n\t\t\t\t\t\t\t\t\t\t\t<span class=\"pp-business-day\">\n\t\t\t\t\t\t\tJuni, Juli, August und September\t\t\t\t\t\t<\/span>\n\t\t\t\t\t\t\t\t\t\t<span class=\"pp-business-timing\">\n\t\t\t\t\t\tVon 9 Uhr morgens bis 17 Uhr nachmittags\t\t\t\t\t<\/span>\n\t\t\t\t<\/div>\n\t\t\t\t\t\t\t\t\t\t\t\t<div class=\"pp-business-hours-row clearfix elementor-repeater-item-dc620dc\">\n\t\t\t\t\t\t\t\t\t\t\t<span class=\"pp-business-day\">\n\t\t\t\t\t\t\tOktober und November\t\t\t\t\t\t<\/span>\n\t\t\t\t\t\t\t\t\t\t<span class=\"pp-business-timing\">\n\t\t\t\t\t\tAn Wochenenden und Feiertagen von 9 bis 17 Uhr ge\u00f6ffnet\t\t\t\t\t<\/span>\n\t\t\t\t<\/div>\n\t\t\t\t\t\t\t\t<\/div>\n\t\t\t\t\t\t<\/div>\n\t\t\t\t<\/div>\n\t\t\t\t\t<\/div>\n\t\t<\/div>\n\t\t\t\t\t<\/div>\n\t\t<\/section>\n\t\t\t\t<\/div>\n\t\t<\/div>\n\t\t\t\t\t\t<\/div>\n\t\t\t\t<\/div>\n\t\t\t\t\t<\/div>\n\t\t<\/div>\n\t\t\t\t\t<\/div>\n\t\t<\/section>\n\t\t\t\t<section class=\"elementor-section elementor-top-section elementor-element elementor-element-15e2fb2 elementor-section-boxed elementor-section-height-default elementor-section-height-default\" data-id=\"15e2fb2\" data-element_type=\"section\">\n\t\t\t\t\t\t<div class=\"elementor-container elementor-column-gap-default\">\n\t\t\t\t\t<div class=\"elementor-column elementor-col-100 elementor-top-column elementor-element elementor-element-3da6e6f\" data-id=\"3da6e6f\" data-element_type=\"column\">\n\t\t\t<div class=\"elementor-widget-wrap elementor-element-populated\">\n\t\t\t\t\t\t<div class=\"elementor-element elementor-element-129aa67 elementor-widget elementor-widget-heading\" data-id=\"129aa67\" data-element_type=\"widget\" data-widget_type=\"heading.default\">\n\t\t\t\t<div class=\"elementor-widget-container\">\n\t\t\t\t\t<h2 class=\"elementor-heading-title elementor-size-default\">Men\u00fcs f\u00fcr Gruppen<\/h2>\t\t\t\t<\/div>\n\t\t\t\t<\/div>\n\t\t\t\t<div class=\"elementor-element elementor-element-2035661 elementor-widget elementor-widget-text-editor\" data-id=\"2035661\" data-element_type=\"widget\" data-widget_type=\"text-editor.default\">\n\t\t\t\t<div class=\"elementor-widget-container\">\n\t\t\t\t\t\t\t\t\t<p>Um zu Mittag- oder Abendessen zu kommen, ben\u00f6tigen Sie eine Reservierungsbest\u00e4tigung. Sie k\u00f6nnen die Reservierung vornehmen \u00fcber:<\/p>\n\t\t\t\t\t\t\t\t<\/div>\n\t\t\t\t<\/div>\n\t\t\t\t\t<\/div>\n\t\t<\/div>\n\t\t\t\t\t<\/div>\n\t\t<\/section>\n\t\t\t\t<section class=\"elementor-section elementor-top-section elementor-element elementor-element-06eab6b elementor-section-boxed elementor-section-height-default elementor-section-height-default\" data-id=\"06eab6b\" data-element_type=\"section\">\n\t\t\t\t\t\t<div class=\"elementor-container elementor-column-gap-default\">\n\t\t\t\t\t<div class=\"elementor-column elementor-col-100 elementor-top-column elementor-element elementor-element-fa729c3\" data-id=\"fa729c3\" data-element_type=\"column\">\n\t\t\t<div class=\"elementor-widget-wrap elementor-element-populated\">\n\t\t\t\t\t\t<section class=\"elementor-section elementor-inner-section elementor-element elementor-element-5d2cce0 elementor-section-boxed elementor-section-height-default elementor-section-height-default\" data-id=\"5d2cce0\" data-element_type=\"section\">\n\t\t\t\t\t\t<div class=\"elementor-container elementor-column-gap-default\">\n\t\t\t\t\t<div class=\"elementor-column elementor-col-33 elementor-inner-column elementor-element elementor-element-977f6a4\" data-id=\"977f6a4\" data-element_type=\"column\">\n\t\t\t<div class=\"elementor-widget-wrap elementor-element-populated\">\n\t\t\t\t\t\t<div class=\"elementor-element elementor-element-39108b5 elementor-view-default elementor-position-top elementor-mobile-position-top elementor-widget elementor-widget-icon-box\" data-id=\"39108b5\" data-element_type=\"widget\" data-widget_type=\"icon-box.default\">\n\t\t\t\t<div class=\"elementor-widget-container\">\n\t\t\t\t\t\t\t<div class=\"elementor-icon-box-wrapper\">\n\n\t\t\t\t\t\t<div class=\"elementor-icon-box-icon\">\n\t\t\t\t<a href=\"mailto:elmolidenrobert@ofiweb.cat\" class=\"elementor-icon\" tabindex=\"-1\" aria-label=\"elmolidenrobert@ofiweb.cat\">\n\t\t\t\t<i aria-hidden=\"true\" class=\"fas fa-envelope\"><\/i>\t\t\t\t<\/a>\n\t\t\t<\/div>\n\t\t\t\n\t\t\t\t\t\t<div class=\"elementor-icon-box-content\">\n\n\t\t\t\t\t\t\t\t\t<h3 class=\"elementor-icon-box-title\">\n\t\t\t\t\t\t<a href=\"mailto:elmolidenrobert@ofiweb.cat\" >\n\t\t\t\t\t\t\telmolidenrobert@ofiweb.cat\t\t\t\t\t\t<\/a>\n\t\t\t\t\t<\/h3>\n\t\t\t\t\n\t\t\t\t\n\t\t\t<\/div>\n\t\t\t\n\t\t<\/div>\n\t\t\t\t\t\t<\/div>\n\t\t\t\t<\/div>\n\t\t\t\t\t<\/div>\n\t\t<\/div>\n\t\t\t\t<div class=\"elementor-column elementor-col-33 elementor-inner-column elementor-element elementor-element-1e1b3d6\" data-id=\"1e1b3d6\" data-element_type=\"column\">\n\t\t\t<div class=\"elementor-widget-wrap elementor-element-populated\">\n\t\t\t\t\t\t<div class=\"elementor-element elementor-element-3c2f733 elementor-view-default elementor-position-top elementor-mobile-position-top elementor-widget elementor-widget-icon-box\" data-id=\"3c2f733\" data-element_type=\"widget\" data-widget_type=\"icon-box.default\">\n\t\t\t\t<div class=\"elementor-widget-container\">\n\t\t\t\t\t\t\t<div class=\"elementor-icon-box-wrapper\">\n\n\t\t\t\t\t\t<div class=\"elementor-icon-box-icon\">\n\t\t\t\t<a href=\"tel:972544004\" class=\"elementor-icon\" tabindex=\"-1\" aria-label=\"972 54 40 04\">\n\t\t\t\t<i aria-hidden=\"true\" class=\"fas fa-phone-alt\"><\/i>\t\t\t\t<\/a>\n\t\t\t<\/div>\n\t\t\t\n\t\t\t\t\t\t<div class=\"elementor-icon-box-content\">\n\n\t\t\t\t\t\t\t\t\t<h3 class=\"elementor-icon-box-title\">\n\t\t\t\t\t\t<a href=\"tel:972544004\" >\n\t\t\t\t\t\t\t972 54 40 04\t\t\t\t\t\t<\/a>\n\t\t\t\t\t<\/h3>\n\t\t\t\t\n\t\t\t\t\n\t\t\t<\/div>\n\t\t\t\n\t\t<\/div>\n\t\t\t\t\t\t<\/div>\n\t\t\t\t<\/div>\n\t\t\t\t\t<\/div>\n\t\t<\/div>\n\t\t\t\t<div class=\"elementor-column elementor-col-33 elementor-inner-column elementor-element elementor-element-ca92067\" data-id=\"ca92067\" data-element_type=\"column\">\n\t\t\t<div class=\"elementor-widget-wrap elementor-element-populated\">\n\t\t\t\t\t\t<div class=\"elementor-element elementor-element-445624f elementor-view-default elementor-position-top elementor-mobile-position-top elementor-widget elementor-widget-icon-box\" data-id=\"445624f\" data-element_type=\"widget\" data-widget_type=\"icon-box.default\">\n\t\t\t\t<div class=\"elementor-widget-container\">\n\t\t\t\t\t\t\t<div class=\"elementor-icon-box-wrapper\">\n\n\t\t\t\t\t\t<div class=\"elementor-icon-box-icon\">\n\t\t\t\t<a href=\"https:\/\/elmolidenrobert.com\/de\/kontakt\/\" class=\"elementor-icon\" tabindex=\"-1\" aria-label=\"Kontaktformular\">\n\t\t\t\t<i aria-hidden=\"true\" class=\"fab fa-wpforms\"><\/i>\t\t\t\t<\/a>\n\t\t\t<\/div>\n\t\t\t\n\t\t\t\t\t\t<div class=\"elementor-icon-box-content\">\n\n\t\t\t\t\t\t\t\t\t<h3 class=\"elementor-icon-box-title\">\n\t\t\t\t\t\t<a href=\"https:\/\/elmolidenrobert.com\/de\/kontakt\/\" >\n\t\t\t\t\t\t\tKontaktformular\t\t\t\t\t\t<\/a>\n\t\t\t\t\t<\/h3>\n\t\t\t\t\n\t\t\t\t\n\t\t\t<\/div>\n\t\t\t\n\t\t<\/div>\n\t\t\t\t\t\t<\/div>\n\t\t\t\t<\/div>\n\t\t\t\t\t<\/div>\n\t\t<\/div>\n\t\t\t\t\t<\/div>\n\t\t<\/section>\n\t\t\t\t<section class=\"elementor-section elementor-inner-section elementor-element elementor-element-c2af067 elementor-section-boxed elementor-section-height-default elementor-section-height-default\" data-id=\"c2af067\" data-element_type=\"section\">\n\t\t\t\t\t\t<div class=\"elementor-container elementor-column-gap-default\">\n\t\t\t\t\t<div class=\"elementor-column elementor-col-33 elementor-inner-column elementor-element elementor-element-ef94673\" data-id=\"ef94673\" data-element_type=\"column\">\n\t\t\t<div class=\"elementor-widget-wrap elementor-element-populated\">\n\t\t\t\t\t\t<div class=\"elementor-element elementor-element-5758e75 elementor-view-default elementor-position-top elementor-mobile-position-top elementor-widget elementor-widget-icon-box\" data-id=\"5758e75\" data-element_type=\"widget\" data-widget_type=\"icon-box.default\">\n\t\t\t\t<div class=\"elementor-widget-container\">\n\t\t\t\t\t\t\t<div class=\"elementor-icon-box-wrapper\">\n\n\t\t\t\t\t\t<div class=\"elementor-icon-box-icon\">\n\t\t\t\t<a href=\"tel:677241932\" class=\"elementor-icon\" tabindex=\"-1\" aria-label=\"677 24 19 32\">\n\t\t\t\t<i aria-hidden=\"true\" class=\"fas fa-phone-alt\"><\/i>\t\t\t\t<\/a>\n\t\t\t<\/div>\n\t\t\t\n\t\t\t\t\t\t<div class=\"elementor-icon-box-content\">\n\n\t\t\t\t\t\t\t\t\t<h3 class=\"elementor-icon-box-title\">\n\t\t\t\t\t\t<a href=\"tel:677241932\" >\n\t\t\t\t\t\t\t677 24 19 32\t\t\t\t\t\t<\/a>\n\t\t\t\t\t<\/h3>\n\t\t\t\t\n\t\t\t\t\n\t\t\t<\/div>\n\t\t\t\n\t\t<\/div>\n\t\t\t\t\t\t<\/div>\n\t\t\t\t<\/div>\n\t\t\t\t\t<\/div>\n\t\t<\/div>\n\t\t\t\t<div class=\"elementor-column elementor-col-33 elementor-inner-column elementor-element elementor-element-6eb55b7\" data-id=\"6eb55b7\" data-element_type=\"column\">\n\t\t\t<div class=\"elementor-widget-wrap\">\n\t\t\t\t\t\t\t<\/div>\n\t\t<\/div>\n\t\t\t\t<div class=\"elementor-column elementor-col-33 elementor-inner-column elementor-element elementor-element-b0bcf51\" data-id=\"b0bcf51\" data-element_type=\"column\">\n\t\t\t<div class=\"elementor-widget-wrap\">\n\t\t\t\t\t\t\t<\/div>\n\t\t<\/div>\n\t\t\t\t\t<\/div>\n\t\t<\/section>\n\t\t\t\t<div class=\"elementor-element elementor-element-fdf08e5 elementor-widget elementor-widget-heading\" data-id=\"fdf08e5\" data-element_type=\"widget\" data-widget_type=\"heading.default\">\n\t\t\t\t<div class=\"elementor-widget-container\">\n\t\t\t\t\t<span class=\"elementor-heading-title elementor-size-small\">* Picknicks und Camping sind im Restaurant nicht gestattet.<\/span>\t\t\t\t<\/div>\n\t\t\t\t<\/div>\n\t\t\t\t\t<\/div>\n\t\t<\/div>\n\t\t\t\t\t<\/div>\n\t\t<\/section>\n\t\t\t\t<\/div>\n\t\t","protected":false},"excerpt":{"rendered":"<p>Was ist der Mol\u00ed d&#8217;en Robert? Das Mol\u00ed d&#8217;en Robert, vier Kilometer vom Ma\u00e7anet de Cabrenys entfernt, ist ein Restaurant an einem privilegierten Ort im Alt Empord\u00e0, neben einer nat\u00fcrlichen Umgebung mit B\u00e4umen und einem Fluss, der sich hervorragend f\u00fcr einen Tag in der freien Natur eignet Familie oder Freunde. Das Restaurant verf\u00fcgt \u00fcber einen Kinderpark, in dem Eltern und Kinder die Erfahrung genie\u00dfen k\u00f6nnen. Im Restaurant bieten wir dank der F\u00fctterung des Grills mit Eichenholz eine gro\u00dfe Auswahl an &#8230; <\/p>\n<p class=\"read-more-container\"><a title=\"\u00dcber uns\" class=\"read-more button\" href=\"https:\/\/elmolidenrobert.com\/de\/ueber-uns\/#more-1920\" aria-label=\"Mehr Informationen \u00fcber \u00dcber uns\">Read More<\/a><\/p>\n","protected":false},"author":1,"featured_media":0,"parent":0,"menu_order":0,"comment_status":"closed","ping_status":"closed","template":"elementor_header_footer","meta":{"footnotes":""},"class_list":["post-1920","page","type-page","status-publish"],"yoast_head":"<!-- This site is optimized with the Yoast SEO plugin v26.0 - https:\/\/yoast.com\/wordpress\/plugins\/seo\/ -->\n<title>\u00dcber uns - El mol\u00ed d&#039;en Robert<\/title>\n<meta name=\"robots\" content=\"index, follow, max-snippet:-1, max-image-preview:large, max-video-preview:-1\" \/>\n<link rel=\"canonical\" href=\"https:\/\/elmolidenrobert.com\/de\/ueber-uns\/\" \/>\n<meta property=\"og:locale\" content=\"de_DE\" \/>\n<meta property=\"og:type\" content=\"article\" \/>\n<meta property=\"og:title\" content=\"\u00dcber uns - El mol\u00ed d&#039;en Robert\" \/>\n<meta property=\"og:description\" content=\"Was ist der Mol\u00ed d&#8217;en Robert? Das Mol\u00ed d&#8217;en Robert, vier Kilometer vom Ma\u00e7anet de Cabrenys entfernt, ist ein Restaurant an einem privilegierten Ort im Alt Empord\u00e0, neben einer nat\u00fcrlichen Umgebung mit B\u00e4umen und einem Fluss, der sich hervorragend f\u00fcr einen Tag in der freien Natur eignet Familie oder Freunde. Das Restaurant verf\u00fcgt \u00fcber einen Kinderpark, in dem Eltern und Kinder die Erfahrung genie\u00dfen k\u00f6nnen. Im Restaurant bieten wir dank der F\u00fctterung des Grills mit Eichenholz eine gro\u00dfe Auswahl an ... Read More\" \/>\n<meta property=\"og:url\" content=\"https:\/\/elmolidenrobert.com\/de\/ueber-uns\/\" \/>\n<meta property=\"og:site_name\" content=\"El mol\u00ed d&#039;en Robert\" \/>\n<meta property=\"article:modified_time\" content=\"2024-07-16T09:37:52+00:00\" \/>\n<meta name=\"twitter:card\" content=\"summary_large_image\" \/>\n<meta name=\"twitter:label1\" content=\"Gesch\u00e4tzte Lesezeit\" \/>\n\t<meta name=\"twitter:data1\" content=\"2\u00a0Minuten\" \/>\n<script type=\"application\/ld+json\" class=\"yoast-schema-graph\">{\"@context\":\"https:\/\/schema.org\",\"@graph\":[{\"@type\":\"WebPage\",\"@id\":\"https:\/\/elmolidenrobert.com\/de\/ueber-uns\/\",\"url\":\"https:\/\/elmolidenrobert.com\/de\/ueber-uns\/\",\"name\":\"\u00dcber uns - El mol\u00ed d&#039;en Robert\",\"isPartOf\":{\"@id\":\"https:\/\/elmolidenrobert.com\/de\/#website\"},\"datePublished\":\"2020-03-25T09:44:45+00:00\",\"dateModified\":\"2024-07-16T09:37:52+00:00\",\"breadcrumb\":{\"@id\":\"https:\/\/elmolidenrobert.com\/de\/ueber-uns\/#breadcrumb\"},\"inLanguage\":\"de\",\"potentialAction\":[{\"@type\":\"ReadAction\",\"target\":[\"https:\/\/elmolidenrobert.com\/de\/ueber-uns\/\"]}]},{\"@type\":\"BreadcrumbList\",\"@id\":\"https:\/\/elmolidenrobert.com\/de\/ueber-uns\/#breadcrumb\",\"itemListElement\":[{\"@type\":\"ListItem\",\"position\":1,\"name\":\"Portada\",\"item\":\"https:\/\/elmolidenrobert.com\/de\/\"},{\"@type\":\"ListItem\",\"position\":2,\"name\":\"\u00dcber uns\"}]},{\"@type\":\"WebSite\",\"@id\":\"https:\/\/elmolidenrobert.com\/de\/#website\",\"url\":\"https:\/\/elmolidenrobert.com\/de\/\",\"name\":\"El mol\u00ed d&#039;en Robert\",\"description\":\"Un restaurant de familia per a la familia\",\"publisher\":{\"@id\":\"https:\/\/elmolidenrobert.com\/de\/#organization\"},\"potentialAction\":[{\"@type\":\"SearchAction\",\"target\":{\"@type\":\"EntryPoint\",\"urlTemplate\":\"https:\/\/elmolidenrobert.com\/de\/?s={search_term_string}\"},\"query-input\":{\"@type\":\"PropertyValueSpecification\",\"valueRequired\":true,\"valueName\":\"search_term_string\"}}],\"inLanguage\":\"de\"},{\"@type\":\"Organization\",\"@id\":\"https:\/\/elmolidenrobert.com\/de\/#organization\",\"name\":\"El mol\u00ed d&#039;en Robert\",\"url\":\"https:\/\/elmolidenrobert.com\/de\/\",\"logo\":{\"@type\":\"ImageObject\",\"inLanguage\":\"de\",\"@id\":\"https:\/\/elmolidenrobert.com\/de\/#\/schema\/logo\/image\/\",\"url\":\"https:\/\/elmolidenrobert.com\/wp-content\/uploads\/2020\/01\/Logo-negatiu.png\",\"contentUrl\":\"https:\/\/elmolidenrobert.com\/wp-content\/uploads\/2020\/01\/Logo-negatiu.png\",\"width\":500,\"height\":500,\"caption\":\"El mol\u00ed d&#039;en Robert\"},\"image\":{\"@id\":\"https:\/\/elmolidenrobert.com\/de\/#\/schema\/logo\/image\/\"}}]}<\/script>\n<!-- \/ Yoast SEO plugin. -->","yoast_head_json":{"title":"\u00dcber uns - El mol\u00ed d&#039;en Robert","robots":{"index":"index","follow":"follow","max-snippet":"max-snippet:-1","max-image-preview":"max-image-preview:large","max-video-preview":"max-video-preview:-1"},"canonical":"https:\/\/elmolidenrobert.com\/de\/ueber-uns\/","og_locale":"de_DE","og_type":"article","og_title":"\u00dcber uns - El mol\u00ed d&#039;en Robert","og_description":"Was ist der Mol\u00ed d&#8217;en Robert? Das Mol\u00ed d&#8217;en Robert, vier Kilometer vom Ma\u00e7anet de Cabrenys entfernt, ist ein Restaurant an einem privilegierten Ort im Alt Empord\u00e0, neben einer nat\u00fcrlichen Umgebung mit B\u00e4umen und einem Fluss, der sich hervorragend f\u00fcr einen Tag in der freien Natur eignet Familie oder Freunde. Das Restaurant verf\u00fcgt \u00fcber einen Kinderpark, in dem Eltern und Kinder die Erfahrung genie\u00dfen k\u00f6nnen. Im Restaurant bieten wir dank der F\u00fctterung des Grills mit Eichenholz eine gro\u00dfe Auswahl an ... Read More","og_url":"https:\/\/elmolidenrobert.com\/de\/ueber-uns\/","og_site_name":"El mol\u00ed d&#039;en Robert","article_modified_time":"2024-07-16T09:37:52+00:00","twitter_card":"summary_large_image","twitter_misc":{"Gesch\u00e4tzte Lesezeit":"2\u00a0Minuten"},"schema":{"@context":"https:\/\/schema.org","@graph":[{"@type":"WebPage","@id":"https:\/\/elmolidenrobert.com\/de\/ueber-uns\/","url":"https:\/\/elmolidenrobert.com\/de\/ueber-uns\/","name":"\u00dcber uns - El mol\u00ed d&#039;en Robert","isPartOf":{"@id":"https:\/\/elmolidenrobert.com\/de\/#website"},"datePublished":"2020-03-25T09:44:45+00:00","dateModified":"2024-07-16T09:37:52+00:00","breadcrumb":{"@id":"https:\/\/elmolidenrobert.com\/de\/ueber-uns\/#breadcrumb"},"inLanguage":"de","potentialAction":[{"@type":"ReadAction","target":["https:\/\/elmolidenrobert.com\/de\/ueber-uns\/"]}]},{"@type":"BreadcrumbList","@id":"https:\/\/elmolidenrobert.com\/de\/ueber-uns\/#breadcrumb","itemListElement":[{"@type":"ListItem","position":1,"name":"Portada","item":"https:\/\/elmolidenrobert.com\/de\/"},{"@type":"ListItem","position":2,"name":"\u00dcber uns"}]},{"@type":"WebSite","@id":"https:\/\/elmolidenrobert.com\/de\/#website","url":"https:\/\/elmolidenrobert.com\/de\/","name":"El mol\u00ed d&#039;en Robert","description":"Un restaurant de familia per a la familia","publisher":{"@id":"https:\/\/elmolidenrobert.com\/de\/#organization"},"potentialAction":[{"@type":"SearchAction","target":{"@type":"EntryPoint","urlTemplate":"https:\/\/elmolidenrobert.com\/de\/?s={search_term_string}"},"query-input":{"@type":"PropertyValueSpecification","valueRequired":true,"valueName":"search_term_string"}}],"inLanguage":"de"},{"@type":"Organization","@id":"https:\/\/elmolidenrobert.com\/de\/#organization","name":"El mol\u00ed d&#039;en Robert","url":"https:\/\/elmolidenrobert.com\/de\/","logo":{"@type":"ImageObject","inLanguage":"de","@id":"https:\/\/elmolidenrobert.com\/de\/#\/schema\/logo\/image\/","url":"https:\/\/elmolidenrobert.com\/wp-content\/uploads\/2020\/01\/Logo-negatiu.png","contentUrl":"https:\/\/elmolidenrobert.com\/wp-content\/uploads\/2020\/01\/Logo-negatiu.png","width":500,"height":500,"caption":"El mol\u00ed d&#039;en Robert"},"image":{"@id":"https:\/\/elmolidenrobert.com\/de\/#\/schema\/logo\/image\/"}}]}},"_links":{"self":[{"href":"https:\/\/elmolidenrobert.com\/de\/wp-json\/wp\/v2\/pages\/1920","targetHints":{"allow":["GET"]}}],"collection":[{"href":"https:\/\/elmolidenrobert.com\/de\/wp-json\/wp\/v2\/pages"}],"about":[{"href":"https:\/\/elmolidenrobert.com\/de\/wp-json\/wp\/v2\/types\/page"}],"author":[{"embeddable":true,"href":"https:\/\/elmolidenrobert.com\/de\/wp-json\/wp\/v2\/users\/1"}],"replies":[{"embeddable":true,"href":"https:\/\/elmolidenrobert.com\/de\/wp-json\/wp\/v2\/comments?post=1920"}],"version-history":[{"count":7,"href":"https:\/\/elmolidenrobert.com\/de\/wp-json\/wp\/v2\/pages\/1920\/revisions"}],"predecessor-version":[{"id":2576,"href":"https:\/\/elmolidenrobert.com\/de\/wp-json\/wp\/v2\/pages\/1920\/revisions\/2576"}],"wp:attachment":[{"href":"https:\/\/elmolidenrobert.com\/de\/wp-json\/wp\/v2\/media?parent=1920"}],"curies":[{"name":"wp","href":"https:\/\/api.w.org\/{rel}","templated":true}]}}