{"id":1924,"date":"2020-03-25T11:43:42","date_gmt":"2020-03-25T11:43:42","guid":{"rendered":"https:\/\/elmolidenrobert.com\/about-us\/"},"modified":"2024-07-16T09:26:41","modified_gmt":"2024-07-16T09:26:41","slug":"about-us","status":"publish","type":"page","link":"https:\/\/elmolidenrobert.com\/en\/about-us\/","title":{"rendered":"About us"},"content":{"rendered":"\t\t<div data-elementor-type=\"wp-page\" data-elementor-id=\"1924\" class=\"elementor elementor-1924 elementor-1510\" data-elementor-post-type=\"page\">\n\t\t\t\t\t\t<section class=\"elementor-section elementor-top-section elementor-element elementor-element-8406684 elementor-section-stretched elementor-section-full_width elementor-section-height-min-height elementor-section-height-default elementor-section-items-middle\" data-id=\"8406684\" data-element_type=\"section\" data-settings=\"{&quot;stretch_section&quot;:&quot;section-stretched&quot;,&quot;background_background&quot;:&quot;slideshow&quot;,&quot;background_slideshow_gallery&quot;:[{&quot;id&quot;:1764,&quot;url&quot;:&quot;https:\\\/\\\/elmolidenrobert.com\\\/wp-content\\\/uploads\\\/2020\\\/01\\\/08FJ8171.jpg&quot;},{&quot;id&quot;:1769,&quot;url&quot;:&quot;https:\\\/\\\/elmolidenrobert.com\\\/wp-content\\\/uploads\\\/2020\\\/01\\\/DJI_0843.jpg&quot;},{&quot;id&quot;:1774,&quot;url&quot;:&quot;https:\\\/\\\/elmolidenrobert.com\\\/wp-content\\\/uploads\\\/2020\\\/01\\\/DJI_0810.jpg&quot;}],&quot;background_slideshow_loop&quot;:&quot;yes&quot;,&quot;background_slideshow_slide_duration&quot;:5000,&quot;background_slideshow_slide_transition&quot;:&quot;fade&quot;,&quot;background_slideshow_transition_duration&quot;:500}\">\n\t\t\t\t\t\t<div class=\"elementor-container elementor-column-gap-default\">\n\t\t\t\t\t<div class=\"elementor-column elementor-col-100 elementor-top-column elementor-element elementor-element-146ef9c\" data-id=\"146ef9c\" data-element_type=\"column\">\n\t\t\t<div class=\"elementor-widget-wrap\">\n\t\t\t\t\t\t\t<\/div>\n\t\t<\/div>\n\t\t\t\t\t<\/div>\n\t\t<\/section>\n\t\t\t\t<section class=\"elementor-section elementor-top-section elementor-element elementor-element-f6f8ff8 elementor-section-boxed elementor-section-height-default elementor-section-height-default\" data-id=\"f6f8ff8\" data-element_type=\"section\">\n\t\t\t\t\t\t<div class=\"elementor-container elementor-column-gap-default\">\n\t\t\t\t\t<div class=\"elementor-column elementor-col-100 elementor-top-column elementor-element elementor-element-84bff21\" data-id=\"84bff21\" data-element_type=\"column\">\n\t\t\t<div class=\"elementor-widget-wrap elementor-element-populated\">\n\t\t\t\t\t\t<div class=\"elementor-element elementor-element-522ec24 elementor-widget elementor-widget-heading\" data-id=\"522ec24\" data-element_type=\"widget\" data-widget_type=\"heading.default\">\n\t\t\t\t<div class=\"elementor-widget-container\">\n\t\t\t\t\t<h2 class=\"elementor-heading-title elementor-size-default\">What is the Mol\u00ed d'en Robert?<\/h2>\t\t\t\t<\/div>\n\t\t\t\t<\/div>\n\t\t\t\t<div class=\"elementor-element elementor-element-327fb8e elementor-widget elementor-widget-text-editor\" data-id=\"327fb8e\" data-element_type=\"widget\" data-widget_type=\"text-editor.default\">\n\t\t\t\t<div class=\"elementor-widget-container\">\n\t\t\t\t\t\t\t\t\t<p>El Mol\u00ed d&#8217;en Robert, located four kilometers from Ma\u00e7anet de Cabrenys, is a restaurant located in a privileged place in Alt Empord\u00e0, next to a natural setting with trees and a river, fantastic for enjoying a day in the great outdoors in family or friends. El Mol\u00ed d&#8217;en Robert, located four kilometers from Ma\u00e7anet de Cabrenys, is a restaurant located in a privileged place in Alt Empord\u00e0, next to a natural setting with trees and a river, fantastic for enjoying a day in the great outdoors in family or friends.<\/p>\n<p>In the restaurant we offer a wide variety of top-quality starters and grilled meats, thanks to feeding the grill with oak wood. One of our star dishes is snails.<\/p>\n\t\t\t\t\t\t\t\t<\/div>\n\t\t\t\t<\/div>\n\t\t\t\t\t<\/div>\n\t\t<\/div>\n\t\t\t\t\t<\/div>\n\t\t<\/section>\n\t\t\t\t<section class=\"elementor-section elementor-top-section elementor-element elementor-element-b121f32 elementor-section-boxed elementor-section-height-default elementor-section-height-default\" data-id=\"b121f32\" data-element_type=\"section\">\n\t\t\t\t\t\t<div class=\"elementor-container elementor-column-gap-default\">\n\t\t\t\t\t<div class=\"elementor-column elementor-col-100 elementor-top-column elementor-element elementor-element-cad5617\" data-id=\"cad5617\" data-element_type=\"column\">\n\t\t\t<div class=\"elementor-widget-wrap elementor-element-populated\">\n\t\t\t\t\t\t<div class=\"elementor-element elementor-element-17d4721 elementor-widget elementor-widget-shortcode\" data-id=\"17d4721\" data-element_type=\"widget\" data-widget_type=\"shortcode.default\">\n\t\t\t\t<div class=\"elementor-widget-container\">\n\t\t\t\t\t\t\t<div class=\"elementor-shortcode\">\t\t<div data-elementor-type=\"section\" data-elementor-id=\"2530\" class=\"elementor elementor-2530 elementor-2516\" data-elementor-post-type=\"elementor_library\">\n\t\t\t\t\t<section class=\"elementor-section elementor-top-section elementor-element elementor-element-a9b2cfd elementor-section-boxed elementor-section-height-default elementor-section-height-default\" data-id=\"a9b2cfd\" data-element_type=\"section\">\n\t\t\t\t\t\t<div class=\"elementor-container elementor-column-gap-default\">\n\t\t\t\t\t<div class=\"elementor-column elementor-col-100 elementor-top-column elementor-element elementor-element-91ba361\" data-id=\"91ba361\" data-element_type=\"column\">\n\t\t\t<div class=\"elementor-widget-wrap elementor-element-populated\">\n\t\t\t\t\t\t<div class=\"elementor-element elementor-element-f19df49 elementor-widget elementor-widget-heading\" data-id=\"f19df49\" data-element_type=\"widget\" data-widget_type=\"heading.default\">\n\t\t\t\t<div class=\"elementor-widget-container\">\n\t\t\t\t\t<h2 class=\"elementor-heading-title elementor-size-default\">SCHEDULE<\/h2>\t\t\t\t<\/div>\n\t\t\t\t<\/div>\n\t\t\t\t<div class=\"elementor-element elementor-element-4c684bc elementor-widget elementor-widget-pp-business-hours\" data-id=\"4c684bc\" data-element_type=\"widget\" data-widget_type=\"pp-business-hours.default\">\n\t\t\t\t<div class=\"elementor-widget-container\">\n\t\t\t\t\t\t\t<div class=\"pp-business-hours\">\n\t\t\t\t\t\t\t\t\t\t\t\t\t\t<div class=\"pp-business-hours-row clearfix elementor-repeater-item-4e38408 row-closed\">\n\t\t\t\t\t\t\t\t\t\t\t<span class=\"pp-business-day\">\n\t\t\t\t\t\t\tDecember, January and February\t\t\t\t\t\t<\/span>\n\t\t\t\t\t\t\t\t\t\t<span class=\"pp-business-timing\">\n\t\t\t\t\t\tClosed\t\t\t\t\t<\/span>\n\t\t\t\t<\/div>\n\t\t\t\t\t\t\t\t\t\t\t\t<div class=\"pp-business-hours-row clearfix elementor-repeater-item-24e147d\">\n\t\t\t\t\t\t\t\t\t\t\t<span class=\"pp-business-day\">\n\t\t\t\t\t\t\tMarch, April and Mayyo\t\t\t\t\t\t<\/span>\n\t\t\t\t\t\t\t\t\t\t<span class=\"pp-business-timing\">\n\t\t\t\t\t\tFrom 9 a.m. to 5 p.m. on weekends and holidays\t\t\t\t\t<\/span>\n\t\t\t\t<\/div>\n\t\t\t\t\t\t\t\t\t\t\t\t<div class=\"pp-business-hours-row clearfix elementor-repeater-item-131de4e\">\n\t\t\t\t\t\t\t\t\t\t\t<span class=\"pp-business-day\">\n\t\t\t\t\t\t\tJune, July, August and September\t\t\t\t\t\t<\/span>\n\t\t\t\t\t\t\t\t\t\t<span class=\"pp-business-timing\">\n\t\t\t\t\t\tFrom nine in the morning to five in the afternoon\t\t\t\t\t<\/span>\n\t\t\t\t<\/div>\n\t\t\t\t\t\t\t\t\t\t\t\t<div class=\"pp-business-hours-row clearfix elementor-repeater-item-dc620dc\">\n\t\t\t\t\t\t\t\t\t\t\t<span class=\"pp-business-day\">\n\t\t\t\t\t\t\tOctober and November\t\t\t\t\t\t<\/span>\n\t\t\t\t\t\t\t\t\t\t<span class=\"pp-business-timing\">\n\t\t\t\t\t\tFrom 9 a.m. to 5 p.m. on weekends and holidays\t\t\t\t\t<\/span>\n\t\t\t\t<\/div>\n\t\t\t\t\t\t\t\t<\/div>\n\t\t\t\t\t\t<\/div>\n\t\t\t\t<\/div>\n\t\t\t\t\t<\/div>\n\t\t<\/div>\n\t\t\t\t\t<\/div>\n\t\t<\/section>\n\t\t\t\t<\/div>\n\t\t<\/div>\n\t\t\t\t\t\t<\/div>\n\t\t\t\t<\/div>\n\t\t\t\t\t<\/div>\n\t\t<\/div>\n\t\t\t\t\t<\/div>\n\t\t<\/section>\n\t\t\t\t<section class=\"elementor-section elementor-top-section elementor-element elementor-element-15e2fb2 elementor-section-boxed elementor-section-height-default elementor-section-height-default\" data-id=\"15e2fb2\" data-element_type=\"section\">\n\t\t\t\t\t\t<div class=\"elementor-container elementor-column-gap-default\">\n\t\t\t\t\t<div class=\"elementor-column elementor-col-100 elementor-top-column elementor-element elementor-element-3da6e6f\" data-id=\"3da6e6f\" data-element_type=\"column\">\n\t\t\t<div class=\"elementor-widget-wrap elementor-element-populated\">\n\t\t\t\t\t\t<div class=\"elementor-element elementor-element-129aa67 elementor-widget elementor-widget-heading\" data-id=\"129aa67\" data-element_type=\"widget\" data-widget_type=\"heading.default\">\n\t\t\t\t<div class=\"elementor-widget-container\">\n\t\t\t\t\t<h2 class=\"elementor-heading-title elementor-size-default\">Menus for groups<\/h2>\t\t\t\t<\/div>\n\t\t\t\t<\/div>\n\t\t\t\t<div class=\"elementor-element elementor-element-2035661 elementor-widget elementor-widget-text-editor\" data-id=\"2035661\" data-element_type=\"widget\" data-widget_type=\"text-editor.default\">\n\t\t\t\t<div class=\"elementor-widget-container\">\n\t\t\t\t\t\t\t\t\t<p>To come to lunch or dinner groups, you need a reservation confirmation. You can make the reservation through:<\/p>\n\t\t\t\t\t\t\t\t<\/div>\n\t\t\t\t<\/div>\n\t\t\t\t\t<\/div>\n\t\t<\/div>\n\t\t\t\t\t<\/div>\n\t\t<\/section>\n\t\t\t\t<section class=\"elementor-section elementor-top-section elementor-element elementor-element-06eab6b elementor-section-boxed elementor-section-height-default elementor-section-height-default\" data-id=\"06eab6b\" data-element_type=\"section\">\n\t\t\t\t\t\t<div class=\"elementor-container elementor-column-gap-default\">\n\t\t\t\t\t<div class=\"elementor-column elementor-col-100 elementor-top-column elementor-element elementor-element-fa729c3\" data-id=\"fa729c3\" data-element_type=\"column\">\n\t\t\t<div class=\"elementor-widget-wrap elementor-element-populated\">\n\t\t\t\t\t\t<section class=\"elementor-section elementor-inner-section elementor-element elementor-element-5d2cce0 elementor-section-boxed elementor-section-height-default elementor-section-height-default\" data-id=\"5d2cce0\" data-element_type=\"section\">\n\t\t\t\t\t\t<div class=\"elementor-container elementor-column-gap-default\">\n\t\t\t\t\t<div class=\"elementor-column elementor-col-33 elementor-inner-column elementor-element elementor-element-977f6a4\" data-id=\"977f6a4\" data-element_type=\"column\">\n\t\t\t<div class=\"elementor-widget-wrap elementor-element-populated\">\n\t\t\t\t\t\t<div class=\"elementor-element elementor-element-39108b5 elementor-view-default elementor-position-top elementor-mobile-position-top elementor-widget elementor-widget-icon-box\" data-id=\"39108b5\" data-element_type=\"widget\" data-widget_type=\"icon-box.default\">\n\t\t\t\t<div class=\"elementor-widget-container\">\n\t\t\t\t\t\t\t<div class=\"elementor-icon-box-wrapper\">\n\n\t\t\t\t\t\t<div class=\"elementor-icon-box-icon\">\n\t\t\t\t<a href=\"mailto:elmolidenrobert@ofiweb.cat\" class=\"elementor-icon\" tabindex=\"-1\" aria-label=\"elmolidenrobert@ofiweb.cat\">\n\t\t\t\t<i aria-hidden=\"true\" class=\"fas fa-envelope\"><\/i>\t\t\t\t<\/a>\n\t\t\t<\/div>\n\t\t\t\n\t\t\t\t\t\t<div class=\"elementor-icon-box-content\">\n\n\t\t\t\t\t\t\t\t\t<h3 class=\"elementor-icon-box-title\">\n\t\t\t\t\t\t<a href=\"mailto:elmolidenrobert@ofiweb.cat\" >\n\t\t\t\t\t\t\telmolidenrobert@ofiweb.cat\t\t\t\t\t\t<\/a>\n\t\t\t\t\t<\/h3>\n\t\t\t\t\n\t\t\t\t\n\t\t\t<\/div>\n\t\t\t\n\t\t<\/div>\n\t\t\t\t\t\t<\/div>\n\t\t\t\t<\/div>\n\t\t\t\t\t<\/div>\n\t\t<\/div>\n\t\t\t\t<div class=\"elementor-column elementor-col-33 elementor-inner-column elementor-element elementor-element-1e1b3d6\" data-id=\"1e1b3d6\" data-element_type=\"column\">\n\t\t\t<div class=\"elementor-widget-wrap elementor-element-populated\">\n\t\t\t\t\t\t<div class=\"elementor-element elementor-element-3c2f733 elementor-view-default elementor-position-top elementor-mobile-position-top elementor-widget elementor-widget-icon-box\" data-id=\"3c2f733\" data-element_type=\"widget\" data-widget_type=\"icon-box.default\">\n\t\t\t\t<div class=\"elementor-widget-container\">\n\t\t\t\t\t\t\t<div class=\"elementor-icon-box-wrapper\">\n\n\t\t\t\t\t\t<div class=\"elementor-icon-box-icon\">\n\t\t\t\t<a href=\"tel:972544004\" class=\"elementor-icon\" tabindex=\"-1\" aria-label=\"972 54 40 04\">\n\t\t\t\t<i aria-hidden=\"true\" class=\"fas fa-phone-alt\"><\/i>\t\t\t\t<\/a>\n\t\t\t<\/div>\n\t\t\t\n\t\t\t\t\t\t<div class=\"elementor-icon-box-content\">\n\n\t\t\t\t\t\t\t\t\t<h3 class=\"elementor-icon-box-title\">\n\t\t\t\t\t\t<a href=\"tel:972544004\" >\n\t\t\t\t\t\t\t972 54 40 04\t\t\t\t\t\t<\/a>\n\t\t\t\t\t<\/h3>\n\t\t\t\t\n\t\t\t\t\n\t\t\t<\/div>\n\t\t\t\n\t\t<\/div>\n\t\t\t\t\t\t<\/div>\n\t\t\t\t<\/div>\n\t\t\t\t\t<\/div>\n\t\t<\/div>\n\t\t\t\t<div class=\"elementor-column elementor-col-33 elementor-inner-column elementor-element elementor-element-ca92067\" data-id=\"ca92067\" data-element_type=\"column\">\n\t\t\t<div class=\"elementor-widget-wrap elementor-element-populated\">\n\t\t\t\t\t\t<div class=\"elementor-element elementor-element-445624f elementor-view-default elementor-position-top elementor-mobile-position-top elementor-widget elementor-widget-icon-box\" data-id=\"445624f\" data-element_type=\"widget\" data-widget_type=\"icon-box.default\">\n\t\t\t\t<div class=\"elementor-widget-container\">\n\t\t\t\t\t\t\t<div class=\"elementor-icon-box-wrapper\">\n\n\t\t\t\t\t\t<div class=\"elementor-icon-box-icon\">\n\t\t\t\t<a href=\"https:\/\/elmolidenrobert.com\/en\/contact\/\" class=\"elementor-icon\" tabindex=\"-1\" aria-label=\"Contact Form\">\n\t\t\t\t<i aria-hidden=\"true\" class=\"fab fa-wpforms\"><\/i>\t\t\t\t<\/a>\n\t\t\t<\/div>\n\t\t\t\n\t\t\t\t\t\t<div class=\"elementor-icon-box-content\">\n\n\t\t\t\t\t\t\t\t\t<h3 class=\"elementor-icon-box-title\">\n\t\t\t\t\t\t<a href=\"https:\/\/elmolidenrobert.com\/en\/contact\/\" >\n\t\t\t\t\t\t\tContact Form\t\t\t\t\t\t<\/a>\n\t\t\t\t\t<\/h3>\n\t\t\t\t\n\t\t\t\t\n\t\t\t<\/div>\n\t\t\t\n\t\t<\/div>\n\t\t\t\t\t\t<\/div>\n\t\t\t\t<\/div>\n\t\t\t\t\t<\/div>\n\t\t<\/div>\n\t\t\t\t\t<\/div>\n\t\t<\/section>\n\t\t\t\t<section class=\"elementor-section elementor-inner-section elementor-element elementor-element-c2af067 elementor-section-boxed elementor-section-height-default elementor-section-height-default\" data-id=\"c2af067\" data-element_type=\"section\">\n\t\t\t\t\t\t<div class=\"elementor-container elementor-column-gap-default\">\n\t\t\t\t\t<div class=\"elementor-column elementor-col-33 elementor-inner-column elementor-element elementor-element-ef94673\" data-id=\"ef94673\" data-element_type=\"column\">\n\t\t\t<div class=\"elementor-widget-wrap elementor-element-populated\">\n\t\t\t\t\t\t<div class=\"elementor-element elementor-element-5758e75 elementor-view-default elementor-position-top elementor-mobile-position-top elementor-widget elementor-widget-icon-box\" data-id=\"5758e75\" data-element_type=\"widget\" data-widget_type=\"icon-box.default\">\n\t\t\t\t<div class=\"elementor-widget-container\">\n\t\t\t\t\t\t\t<div class=\"elementor-icon-box-wrapper\">\n\n\t\t\t\t\t\t<div class=\"elementor-icon-box-icon\">\n\t\t\t\t<a href=\"tel:677241932\" class=\"elementor-icon\" tabindex=\"-1\" aria-label=\"677 24 19 32\">\n\t\t\t\t<i aria-hidden=\"true\" class=\"fas fa-phone-alt\"><\/i>\t\t\t\t<\/a>\n\t\t\t<\/div>\n\t\t\t\n\t\t\t\t\t\t<div class=\"elementor-icon-box-content\">\n\n\t\t\t\t\t\t\t\t\t<h3 class=\"elementor-icon-box-title\">\n\t\t\t\t\t\t<a href=\"tel:677241932\" >\n\t\t\t\t\t\t\t677 24 19 32\t\t\t\t\t\t<\/a>\n\t\t\t\t\t<\/h3>\n\t\t\t\t\n\t\t\t\t\n\t\t\t<\/div>\n\t\t\t\n\t\t<\/div>\n\t\t\t\t\t\t<\/div>\n\t\t\t\t<\/div>\n\t\t\t\t\t<\/div>\n\t\t<\/div>\n\t\t\t\t<div class=\"elementor-column elementor-col-33 elementor-inner-column elementor-element elementor-element-6eb55b7\" data-id=\"6eb55b7\" data-element_type=\"column\">\n\t\t\t<div class=\"elementor-widget-wrap\">\n\t\t\t\t\t\t\t<\/div>\n\t\t<\/div>\n\t\t\t\t<div class=\"elementor-column elementor-col-33 elementor-inner-column elementor-element elementor-element-b0bcf51\" data-id=\"b0bcf51\" data-element_type=\"column\">\n\t\t\t<div class=\"elementor-widget-wrap\">\n\t\t\t\t\t\t\t<\/div>\n\t\t<\/div>\n\t\t\t\t\t<\/div>\n\t\t<\/section>\n\t\t\t\t<div class=\"elementor-element elementor-element-fdf08e5 elementor-widget elementor-widget-heading\" data-id=\"fdf08e5\" data-element_type=\"widget\" data-widget_type=\"heading.default\">\n\t\t\t\t<div class=\"elementor-widget-container\">\n\t\t\t\t\t<span class=\"elementor-heading-title elementor-size-small\">* Picnics and camping are not allowed in the restaurant.<\/span>\t\t\t\t<\/div>\n\t\t\t\t<\/div>\n\t\t\t\t\t<\/div>\n\t\t<\/div>\n\t\t\t\t\t<\/div>\n\t\t<\/section>\n\t\t\t\t<\/div>\n\t\t","protected":false},"excerpt":{"rendered":"<p>What is the Mol\u00ed d&#8217;en Robert? El Mol\u00ed d&#8217;en Robert, located four kilometers from Ma\u00e7anet de Cabrenys, is a restaurant located in a privileged place in Alt Empord\u00e0, next to a natural setting with trees and a river, fantastic for enjoying a day in the great outdoors in family or friends. El Mol\u00ed d&#8217;en Robert, located four kilometers from Ma\u00e7anet de Cabrenys, is a restaurant located in a privileged place in Alt Empord\u00e0, next to a natural setting with trees &#8230; <\/p>\n<p class=\"read-more-container\"><a title=\"About us\" class=\"read-more button\" href=\"https:\/\/elmolidenrobert.com\/en\/about-us\/#more-1924\" aria-label=\"Read more about About us\">Read More<\/a><\/p>\n","protected":false},"author":1,"featured_media":0,"parent":0,"menu_order":0,"comment_status":"closed","ping_status":"closed","template":"elementor_header_footer","meta":{"footnotes":""},"class_list":["post-1924","page","type-page","status-publish"],"yoast_head":"<!-- This site is optimized with the Yoast SEO plugin v26.0 - https:\/\/yoast.com\/wordpress\/plugins\/seo\/ -->\n<title>About us - El mol\u00ed d&#039;en Robert<\/title>\n<meta name=\"robots\" content=\"index, follow, max-snippet:-1, max-image-preview:large, max-video-preview:-1\" \/>\n<link rel=\"canonical\" href=\"https:\/\/elmolidenrobert.com\/en\/about-us\/\" \/>\n<meta property=\"og:locale\" content=\"en_US\" \/>\n<meta property=\"og:type\" content=\"article\" \/>\n<meta property=\"og:title\" content=\"About us - El mol\u00ed d&#039;en Robert\" \/>\n<meta property=\"og:description\" content=\"What is the Mol\u00ed d&#8217;en Robert? El Mol\u00ed d&#8217;en Robert, located four kilometers from Ma\u00e7anet de Cabrenys, is a restaurant located in a privileged place in Alt Empord\u00e0, next to a natural setting with trees and a river, fantastic for enjoying a day in the great outdoors in family or friends. El Mol\u00ed d&#8217;en Robert, located four kilometers from Ma\u00e7anet de Cabrenys, is a restaurant located in a privileged place in Alt Empord\u00e0, next to a natural setting with trees ... Read More\" \/>\n<meta property=\"og:url\" content=\"https:\/\/elmolidenrobert.com\/en\/about-us\/\" \/>\n<meta property=\"og:site_name\" content=\"El mol\u00ed d&#039;en Robert\" \/>\n<meta property=\"article:modified_time\" content=\"2024-07-16T09:26:41+00:00\" \/>\n<meta name=\"twitter:card\" content=\"summary_large_image\" \/>\n<meta name=\"twitter:label1\" content=\"Est. reading time\" \/>\n\t<meta name=\"twitter:data1\" content=\"2 minutes\" \/>\n<script type=\"application\/ld+json\" class=\"yoast-schema-graph\">{\"@context\":\"https:\/\/schema.org\",\"@graph\":[{\"@type\":\"WebPage\",\"@id\":\"https:\/\/elmolidenrobert.com\/en\/about-us\/\",\"url\":\"https:\/\/elmolidenrobert.com\/en\/about-us\/\",\"name\":\"About us - El mol\u00ed d&#039;en Robert\",\"isPartOf\":{\"@id\":\"https:\/\/elmolidenrobert.com\/en\/#website\"},\"datePublished\":\"2020-03-25T11:43:42+00:00\",\"dateModified\":\"2024-07-16T09:26:41+00:00\",\"breadcrumb\":{\"@id\":\"https:\/\/elmolidenrobert.com\/en\/about-us\/#breadcrumb\"},\"inLanguage\":\"en-US\",\"potentialAction\":[{\"@type\":\"ReadAction\",\"target\":[\"https:\/\/elmolidenrobert.com\/en\/about-us\/\"]}]},{\"@type\":\"BreadcrumbList\",\"@id\":\"https:\/\/elmolidenrobert.com\/en\/about-us\/#breadcrumb\",\"itemListElement\":[{\"@type\":\"ListItem\",\"position\":1,\"name\":\"Portada\",\"item\":\"https:\/\/elmolidenrobert.com\/en\/\"},{\"@type\":\"ListItem\",\"position\":2,\"name\":\"About us\"}]},{\"@type\":\"WebSite\",\"@id\":\"https:\/\/elmolidenrobert.com\/en\/#website\",\"url\":\"https:\/\/elmolidenrobert.com\/en\/\",\"name\":\"El mol\u00ed d&#039;en Robert\",\"description\":\"Un restaurant de familia per a la familia\",\"publisher\":{\"@id\":\"https:\/\/elmolidenrobert.com\/en\/#organization\"},\"potentialAction\":[{\"@type\":\"SearchAction\",\"target\":{\"@type\":\"EntryPoint\",\"urlTemplate\":\"https:\/\/elmolidenrobert.com\/en\/?s={search_term_string}\"},\"query-input\":{\"@type\":\"PropertyValueSpecification\",\"valueRequired\":true,\"valueName\":\"search_term_string\"}}],\"inLanguage\":\"en-US\"},{\"@type\":\"Organization\",\"@id\":\"https:\/\/elmolidenrobert.com\/en\/#organization\",\"name\":\"El mol\u00ed d&#039;en Robert\",\"url\":\"https:\/\/elmolidenrobert.com\/en\/\",\"logo\":{\"@type\":\"ImageObject\",\"inLanguage\":\"en-US\",\"@id\":\"https:\/\/elmolidenrobert.com\/en\/#\/schema\/logo\/image\/\",\"url\":\"https:\/\/elmolidenrobert.com\/wp-content\/uploads\/2020\/01\/Logo-negatiu.png\",\"contentUrl\":\"https:\/\/elmolidenrobert.com\/wp-content\/uploads\/2020\/01\/Logo-negatiu.png\",\"width\":500,\"height\":500,\"caption\":\"El mol\u00ed d&#039;en Robert\"},\"image\":{\"@id\":\"https:\/\/elmolidenrobert.com\/en\/#\/schema\/logo\/image\/\"}}]}<\/script>\n<!-- \/ Yoast SEO plugin. -->","yoast_head_json":{"title":"About us - El mol\u00ed d&#039;en Robert","robots":{"index":"index","follow":"follow","max-snippet":"max-snippet:-1","max-image-preview":"max-image-preview:large","max-video-preview":"max-video-preview:-1"},"canonical":"https:\/\/elmolidenrobert.com\/en\/about-us\/","og_locale":"en_US","og_type":"article","og_title":"About us - El mol\u00ed d&#039;en Robert","og_description":"What is the Mol\u00ed d&#8217;en Robert? El Mol\u00ed d&#8217;en Robert, located four kilometers from Ma\u00e7anet de Cabrenys, is a restaurant located in a privileged place in Alt Empord\u00e0, next to a natural setting with trees and a river, fantastic for enjoying a day in the great outdoors in family or friends. El Mol\u00ed d&#8217;en Robert, located four kilometers from Ma\u00e7anet de Cabrenys, is a restaurant located in a privileged place in Alt Empord\u00e0, next to a natural setting with trees ... Read More","og_url":"https:\/\/elmolidenrobert.com\/en\/about-us\/","og_site_name":"El mol\u00ed d&#039;en Robert","article_modified_time":"2024-07-16T09:26:41+00:00","twitter_card":"summary_large_image","twitter_misc":{"Est. reading time":"2 minutes"},"schema":{"@context":"https:\/\/schema.org","@graph":[{"@type":"WebPage","@id":"https:\/\/elmolidenrobert.com\/en\/about-us\/","url":"https:\/\/elmolidenrobert.com\/en\/about-us\/","name":"About us - El mol\u00ed d&#039;en Robert","isPartOf":{"@id":"https:\/\/elmolidenrobert.com\/en\/#website"},"datePublished":"2020-03-25T11:43:42+00:00","dateModified":"2024-07-16T09:26:41+00:00","breadcrumb":{"@id":"https:\/\/elmolidenrobert.com\/en\/about-us\/#breadcrumb"},"inLanguage":"en-US","potentialAction":[{"@type":"ReadAction","target":["https:\/\/elmolidenrobert.com\/en\/about-us\/"]}]},{"@type":"BreadcrumbList","@id":"https:\/\/elmolidenrobert.com\/en\/about-us\/#breadcrumb","itemListElement":[{"@type":"ListItem","position":1,"name":"Portada","item":"https:\/\/elmolidenrobert.com\/en\/"},{"@type":"ListItem","position":2,"name":"About us"}]},{"@type":"WebSite","@id":"https:\/\/elmolidenrobert.com\/en\/#website","url":"https:\/\/elmolidenrobert.com\/en\/","name":"El mol\u00ed d&#039;en Robert","description":"Un restaurant de familia per a la familia","publisher":{"@id":"https:\/\/elmolidenrobert.com\/en\/#organization"},"potentialAction":[{"@type":"SearchAction","target":{"@type":"EntryPoint","urlTemplate":"https:\/\/elmolidenrobert.com\/en\/?s={search_term_string}"},"query-input":{"@type":"PropertyValueSpecification","valueRequired":true,"valueName":"search_term_string"}}],"inLanguage":"en-US"},{"@type":"Organization","@id":"https:\/\/elmolidenrobert.com\/en\/#organization","name":"El mol\u00ed d&#039;en Robert","url":"https:\/\/elmolidenrobert.com\/en\/","logo":{"@type":"ImageObject","inLanguage":"en-US","@id":"https:\/\/elmolidenrobert.com\/en\/#\/schema\/logo\/image\/","url":"https:\/\/elmolidenrobert.com\/wp-content\/uploads\/2020\/01\/Logo-negatiu.png","contentUrl":"https:\/\/elmolidenrobert.com\/wp-content\/uploads\/2020\/01\/Logo-negatiu.png","width":500,"height":500,"caption":"El mol\u00ed d&#039;en Robert"},"image":{"@id":"https:\/\/elmolidenrobert.com\/en\/#\/schema\/logo\/image\/"}}]}},"_links":{"self":[{"href":"https:\/\/elmolidenrobert.com\/en\/wp-json\/wp\/v2\/pages\/1924","targetHints":{"allow":["GET"]}}],"collection":[{"href":"https:\/\/elmolidenrobert.com\/en\/wp-json\/wp\/v2\/pages"}],"about":[{"href":"https:\/\/elmolidenrobert.com\/en\/wp-json\/wp\/v2\/types\/page"}],"author":[{"embeddable":true,"href":"https:\/\/elmolidenrobert.com\/en\/wp-json\/wp\/v2\/users\/1"}],"replies":[{"embeddable":true,"href":"https:\/\/elmolidenrobert.com\/en\/wp-json\/wp\/v2\/comments?post=1924"}],"version-history":[{"count":6,"href":"https:\/\/elmolidenrobert.com\/en\/wp-json\/wp\/v2\/pages\/1924\/revisions"}],"predecessor-version":[{"id":2554,"href":"https:\/\/elmolidenrobert.com\/en\/wp-json\/wp\/v2\/pages\/1924\/revisions\/2554"}],"wp:attachment":[{"href":"https:\/\/elmolidenrobert.com\/en\/wp-json\/wp\/v2\/media?parent=1924"}],"curies":[{"name":"wp","href":"https:\/\/api.w.org\/{rel}","templated":true}]}}