{"id":1922,"date":"2020-03-25T11:40:22","date_gmt":"2020-03-25T11:40:22","guid":{"rendered":"https:\/\/elmolidenrobert.com\/qui-sommes-nous\/"},"modified":"2024-07-16T09:32:34","modified_gmt":"2024-07-16T09:32:34","slug":"qui-sommes-nous","status":"publish","type":"page","link":"https:\/\/elmolidenrobert.com\/fr\/qui-sommes-nous\/","title":{"rendered":"Qui sommes nous"},"content":{"rendered":"\t\t<div data-elementor-type=\"wp-page\" data-elementor-id=\"1922\" class=\"elementor elementor-1922 elementor-1510\" data-elementor-post-type=\"page\">\n\t\t\t\t\t\t<section class=\"elementor-section elementor-top-section elementor-element elementor-element-8406684 elementor-section-stretched elementor-section-full_width elementor-section-height-min-height elementor-section-height-default elementor-section-items-middle\" data-id=\"8406684\" data-element_type=\"section\" data-settings=\"{&quot;stretch_section&quot;:&quot;section-stretched&quot;,&quot;background_background&quot;:&quot;slideshow&quot;,&quot;background_slideshow_gallery&quot;:[{&quot;id&quot;:1764,&quot;url&quot;:&quot;https:\\\/\\\/elmolidenrobert.com\\\/wp-content\\\/uploads\\\/2020\\\/01\\\/08FJ8171.jpg&quot;},{&quot;id&quot;:1769,&quot;url&quot;:&quot;https:\\\/\\\/elmolidenrobert.com\\\/wp-content\\\/uploads\\\/2020\\\/01\\\/DJI_0843.jpg&quot;},{&quot;id&quot;:1774,&quot;url&quot;:&quot;https:\\\/\\\/elmolidenrobert.com\\\/wp-content\\\/uploads\\\/2020\\\/01\\\/DJI_0810.jpg&quot;}],&quot;background_slideshow_loop&quot;:&quot;yes&quot;,&quot;background_slideshow_slide_duration&quot;:5000,&quot;background_slideshow_slide_transition&quot;:&quot;fade&quot;,&quot;background_slideshow_transition_duration&quot;:500}\">\n\t\t\t\t\t\t<div class=\"elementor-container elementor-column-gap-default\">\n\t\t\t\t\t<div class=\"elementor-column elementor-col-100 elementor-top-column elementor-element elementor-element-146ef9c\" data-id=\"146ef9c\" data-element_type=\"column\">\n\t\t\t<div class=\"elementor-widget-wrap\">\n\t\t\t\t\t\t\t<\/div>\n\t\t<\/div>\n\t\t\t\t\t<\/div>\n\t\t<\/section>\n\t\t\t\t<section class=\"elementor-section elementor-top-section elementor-element elementor-element-f6f8ff8 elementor-section-boxed elementor-section-height-default elementor-section-height-default\" data-id=\"f6f8ff8\" data-element_type=\"section\">\n\t\t\t\t\t\t<div class=\"elementor-container elementor-column-gap-default\">\n\t\t\t\t\t<div class=\"elementor-column elementor-col-100 elementor-top-column elementor-element elementor-element-84bff21\" data-id=\"84bff21\" data-element_type=\"column\">\n\t\t\t<div class=\"elementor-widget-wrap elementor-element-populated\">\n\t\t\t\t\t\t<div class=\"elementor-element elementor-element-522ec24 elementor-widget elementor-widget-heading\" data-id=\"522ec24\" data-element_type=\"widget\" data-widget_type=\"heading.default\">\n\t\t\t\t<div class=\"elementor-widget-container\">\n\t\t\t\t\t<h2 class=\"elementor-heading-title elementor-size-default\">Qu'est-ce que Mol\u00ed d'en Robert?<\/h2>\t\t\t\t<\/div>\n\t\t\t\t<\/div>\n\t\t\t\t<div class=\"elementor-element elementor-element-327fb8e elementor-widget elementor-widget-text-editor\" data-id=\"327fb8e\" data-element_type=\"widget\" data-widget_type=\"text-editor.default\">\n\t\t\t\t<div class=\"elementor-widget-container\">\n\t\t\t\t\t\t\t\t\t<p>Le Mol\u00ed d&rsquo;en Robert, situ\u00e9 \u00e0 quatre kilom\u00e8tres de Ma\u00e7anet de Cabrenys, est un restaurant situ\u00e9 dans un endroit privil\u00e9gi\u00e9 de l&rsquo;Alt Empord\u00e0, \u00e0 c\u00f4t\u00e9 d&rsquo;un cadre naturel avec des arbres et une rivi\u00e8re, fantastique pour profiter d&rsquo;une journ\u00e9e en pleine nature dans famille ou amis. Le restaurant dispose d&rsquo;un parc pour enfants afin que les parents et les enfants puissent profiter de l&rsquo;exp\u00e9rience.<\/p>\n<p>Dans le restaurant, nous proposons une grande vari\u00e9t\u00e9 d&rsquo;entr\u00e9es et de viandes grill\u00e9es de haute qualit\u00e9, gr\u00e2ce \u00e0 l&rsquo;alimentation du grill en bois de ch\u00eane. Un de nos plats phares est l&rsquo;escargot.<\/p>\n\t\t\t\t\t\t\t\t<\/div>\n\t\t\t\t<\/div>\n\t\t\t\t\t<\/div>\n\t\t<\/div>\n\t\t\t\t\t<\/div>\n\t\t<\/section>\n\t\t\t\t<section class=\"elementor-section elementor-top-section elementor-element elementor-element-3975cd0 elementor-section-boxed elementor-section-height-default elementor-section-height-default\" data-id=\"3975cd0\" data-element_type=\"section\">\n\t\t\t\t\t\t<div class=\"elementor-container elementor-column-gap-default\">\n\t\t\t\t\t<div class=\"elementor-column elementor-col-100 elementor-top-column elementor-element elementor-element-427c94d\" data-id=\"427c94d\" data-element_type=\"column\">\n\t\t\t<div class=\"elementor-widget-wrap elementor-element-populated\">\n\t\t\t\t\t\t<div class=\"elementor-element elementor-element-28dd741 elementor-widget elementor-widget-shortcode\" data-id=\"28dd741\" data-element_type=\"widget\" data-widget_type=\"shortcode.default\">\n\t\t\t\t<div class=\"elementor-widget-container\">\n\t\t\t\t\t\t\t<div class=\"elementor-shortcode\">\t\t<div data-elementor-type=\"section\" data-elementor-id=\"2532\" class=\"elementor elementor-2532 elementor-2516\" data-elementor-post-type=\"elementor_library\">\n\t\t\t\t\t<section class=\"elementor-section elementor-top-section elementor-element elementor-element-a9b2cfd elementor-section-boxed elementor-section-height-default elementor-section-height-default\" data-id=\"a9b2cfd\" data-element_type=\"section\">\n\t\t\t\t\t\t<div class=\"elementor-container elementor-column-gap-default\">\n\t\t\t\t\t<div class=\"elementor-column elementor-col-100 elementor-top-column elementor-element elementor-element-91ba361\" data-id=\"91ba361\" data-element_type=\"column\">\n\t\t\t<div class=\"elementor-widget-wrap elementor-element-populated\">\n\t\t\t\t\t\t<div class=\"elementor-element elementor-element-f19df49 elementor-widget elementor-widget-heading\" data-id=\"f19df49\" data-element_type=\"widget\" data-widget_type=\"heading.default\">\n\t\t\t\t<div class=\"elementor-widget-container\">\n\t\t\t\t\t<h2 class=\"elementor-heading-title elementor-size-default\">Horaires<\/h2>\t\t\t\t<\/div>\n\t\t\t\t<\/div>\n\t\t\t\t<div class=\"elementor-element elementor-element-4c684bc elementor-widget elementor-widget-pp-business-hours\" data-id=\"4c684bc\" data-element_type=\"widget\" data-widget_type=\"pp-business-hours.default\">\n\t\t\t\t<div class=\"elementor-widget-container\">\n\t\t\t\t\t\t\t<div class=\"pp-business-hours\">\n\t\t\t\t\t\t\t\t\t\t\t\t\t\t<div class=\"pp-business-hours-row clearfix elementor-repeater-item-4e38408 row-closed\">\n\t\t\t\t\t\t\t\t\t\t\t<span class=\"pp-business-day\">\n\t\t\t\t\t\t\tD\u00e9cembre, janvier et f\u00e9vrier\t\t\t\t\t\t<\/span>\n\t\t\t\t\t\t\t\t\t\t<span class=\"pp-business-timing\">\n\t\t\t\t\t\tFerm\u00e9\t\t\t\t\t<\/span>\n\t\t\t\t<\/div>\n\t\t\t\t\t\t\t\t\t\t\t\t<div class=\"pp-business-hours-row clearfix elementor-repeater-item-24e147d\">\n\t\t\t\t\t\t\t\t\t\t\t<span class=\"pp-business-day\">\n\t\t\t\t\t\t\tMars, avril et mai\t\t\t\t\t\t<\/span>\n\t\t\t\t\t\t\t\t\t\t<span class=\"pp-business-timing\">\n\t\t\t\t\t\tDe 9 h \u00e0 16 h les week-ends et jours f\u00e9ri\u00e9s\t\t\t\t\t<\/span>\n\t\t\t\t<\/div>\n\t\t\t\t\t\t\t\t\t\t\t\t<div class=\"pp-business-hours-row clearfix elementor-repeater-item-131de4e\">\n\t\t\t\t\t\t\t\t\t\t\t<span class=\"pp-business-day\">\n\t\t\t\t\t\t\tJuin, juillet, ao\u00fbt et septembre\t\t\t\t\t\t<\/span>\n\t\t\t\t\t\t\t\t\t\t<span class=\"pp-business-timing\">\n\t\t\t\t\t\tDe 9 heures du matin \u00e0 5 heures du soir\t\t\t\t\t<\/span>\n\t\t\t\t<\/div>\n\t\t\t\t\t\t\t\t\t\t\t\t<div class=\"pp-business-hours-row clearfix elementor-repeater-item-dc620dc\">\n\t\t\t\t\t\t\t\t\t\t\t<span class=\"pp-business-day\">\n\t\t\t\t\t\t\tOctobre et novembre\t\t\t\t\t\t<\/span>\n\t\t\t\t\t\t\t\t\t\t<span class=\"pp-business-timing\">\n\t\t\t\t\t\tDe 9 h \u00e0 17 h les week-ends et jours f\u00e9ri\u00e9s\t\t\t\t\t<\/span>\n\t\t\t\t<\/div>\n\t\t\t\t\t\t\t\t<\/div>\n\t\t\t\t\t\t<\/div>\n\t\t\t\t<\/div>\n\t\t\t\t\t<\/div>\n\t\t<\/div>\n\t\t\t\t\t<\/div>\n\t\t<\/section>\n\t\t\t\t<\/div>\n\t\t<\/div>\n\t\t\t\t\t\t<\/div>\n\t\t\t\t<\/div>\n\t\t\t\t\t<\/div>\n\t\t<\/div>\n\t\t\t\t\t<\/div>\n\t\t<\/section>\n\t\t\t\t<section class=\"elementor-section elementor-top-section elementor-element elementor-element-15e2fb2 elementor-section-boxed elementor-section-height-default elementor-section-height-default\" data-id=\"15e2fb2\" data-element_type=\"section\">\n\t\t\t\t\t\t<div class=\"elementor-container elementor-column-gap-default\">\n\t\t\t\t\t<div class=\"elementor-column elementor-col-100 elementor-top-column elementor-element elementor-element-3da6e6f\" data-id=\"3da6e6f\" data-element_type=\"column\">\n\t\t\t<div class=\"elementor-widget-wrap elementor-element-populated\">\n\t\t\t\t\t\t<div class=\"elementor-element elementor-element-129aa67 elementor-widget elementor-widget-heading\" data-id=\"129aa67\" data-element_type=\"widget\" data-widget_type=\"heading.default\">\n\t\t\t\t<div class=\"elementor-widget-container\">\n\t\t\t\t\t<h2 class=\"elementor-heading-title elementor-size-default\">Menus pour groupes<\/h2>\t\t\t\t<\/div>\n\t\t\t\t<\/div>\n\t\t\t\t<div class=\"elementor-element elementor-element-2035661 elementor-widget elementor-widget-text-editor\" data-id=\"2035661\" data-element_type=\"widget\" data-widget_type=\"text-editor.default\">\n\t\t\t\t<div class=\"elementor-widget-container\">\n\t\t\t\t\t\t\t\t\t<p>Pour venir au d\u00e9jeuner ou au d\u00eener en groupe, vous avez besoin d&rsquo;une confirmation de r\u00e9servation. Vous pouvez effectuer la r\u00e9servation via:<\/p>\n\t\t\t\t\t\t\t\t<\/div>\n\t\t\t\t<\/div>\n\t\t\t\t\t<\/div>\n\t\t<\/div>\n\t\t\t\t\t<\/div>\n\t\t<\/section>\n\t\t\t\t<section class=\"elementor-section elementor-top-section elementor-element elementor-element-06eab6b elementor-section-boxed elementor-section-height-default elementor-section-height-default\" data-id=\"06eab6b\" data-element_type=\"section\">\n\t\t\t\t\t\t<div class=\"elementor-container elementor-column-gap-default\">\n\t\t\t\t\t<div class=\"elementor-column elementor-col-100 elementor-top-column elementor-element elementor-element-fa729c3\" data-id=\"fa729c3\" data-element_type=\"column\">\n\t\t\t<div class=\"elementor-widget-wrap elementor-element-populated\">\n\t\t\t\t\t\t<section class=\"elementor-section elementor-inner-section elementor-element elementor-element-5d2cce0 elementor-section-boxed elementor-section-height-default elementor-section-height-default\" data-id=\"5d2cce0\" data-element_type=\"section\">\n\t\t\t\t\t\t<div class=\"elementor-container elementor-column-gap-default\">\n\t\t\t\t\t<div class=\"elementor-column elementor-col-33 elementor-inner-column elementor-element elementor-element-977f6a4\" data-id=\"977f6a4\" data-element_type=\"column\">\n\t\t\t<div class=\"elementor-widget-wrap elementor-element-populated\">\n\t\t\t\t\t\t<div class=\"elementor-element elementor-element-39108b5 elementor-view-default elementor-position-top elementor-mobile-position-top elementor-widget elementor-widget-icon-box\" data-id=\"39108b5\" data-element_type=\"widget\" data-widget_type=\"icon-box.default\">\n\t\t\t\t<div class=\"elementor-widget-container\">\n\t\t\t\t\t\t\t<div class=\"elementor-icon-box-wrapper\">\n\n\t\t\t\t\t\t<div class=\"elementor-icon-box-icon\">\n\t\t\t\t<a href=\"mailto:elmolidenrobert@ofiweb.cat\" class=\"elementor-icon\" tabindex=\"-1\" aria-label=\"elmolidenrobert@ofiweb.cat\">\n\t\t\t\t<i aria-hidden=\"true\" class=\"fas fa-envelope\"><\/i>\t\t\t\t<\/a>\n\t\t\t<\/div>\n\t\t\t\n\t\t\t\t\t\t<div class=\"elementor-icon-box-content\">\n\n\t\t\t\t\t\t\t\t\t<h3 class=\"elementor-icon-box-title\">\n\t\t\t\t\t\t<a href=\"mailto:elmolidenrobert@ofiweb.cat\" >\n\t\t\t\t\t\t\telmolidenrobert@ofiweb.cat\t\t\t\t\t\t<\/a>\n\t\t\t\t\t<\/h3>\n\t\t\t\t\n\t\t\t\t\n\t\t\t<\/div>\n\t\t\t\n\t\t<\/div>\n\t\t\t\t\t\t<\/div>\n\t\t\t\t<\/div>\n\t\t\t\t\t<\/div>\n\t\t<\/div>\n\t\t\t\t<div class=\"elementor-column elementor-col-33 elementor-inner-column elementor-element elementor-element-1e1b3d6\" data-id=\"1e1b3d6\" data-element_type=\"column\">\n\t\t\t<div class=\"elementor-widget-wrap elementor-element-populated\">\n\t\t\t\t\t\t<div class=\"elementor-element elementor-element-3c2f733 elementor-view-default elementor-position-top elementor-mobile-position-top elementor-widget elementor-widget-icon-box\" data-id=\"3c2f733\" data-element_type=\"widget\" data-widget_type=\"icon-box.default\">\n\t\t\t\t<div class=\"elementor-widget-container\">\n\t\t\t\t\t\t\t<div class=\"elementor-icon-box-wrapper\">\n\n\t\t\t\t\t\t<div class=\"elementor-icon-box-icon\">\n\t\t\t\t<a href=\"tel:972544004\" class=\"elementor-icon\" tabindex=\"-1\" aria-label=\"972 54 40 04\">\n\t\t\t\t<i aria-hidden=\"true\" class=\"fas fa-phone-alt\"><\/i>\t\t\t\t<\/a>\n\t\t\t<\/div>\n\t\t\t\n\t\t\t\t\t\t<div class=\"elementor-icon-box-content\">\n\n\t\t\t\t\t\t\t\t\t<h3 class=\"elementor-icon-box-title\">\n\t\t\t\t\t\t<a href=\"tel:972544004\" >\n\t\t\t\t\t\t\t972 54 40 04\t\t\t\t\t\t<\/a>\n\t\t\t\t\t<\/h3>\n\t\t\t\t\n\t\t\t\t\n\t\t\t<\/div>\n\t\t\t\n\t\t<\/div>\n\t\t\t\t\t\t<\/div>\n\t\t\t\t<\/div>\n\t\t\t\t\t<\/div>\n\t\t<\/div>\n\t\t\t\t<div class=\"elementor-column elementor-col-33 elementor-inner-column elementor-element elementor-element-ca92067\" data-id=\"ca92067\" data-element_type=\"column\">\n\t\t\t<div class=\"elementor-widget-wrap elementor-element-populated\">\n\t\t\t\t\t\t<div class=\"elementor-element elementor-element-445624f elementor-view-default elementor-position-top elementor-mobile-position-top elementor-widget elementor-widget-icon-box\" data-id=\"445624f\" data-element_type=\"widget\" data-widget_type=\"icon-box.default\">\n\t\t\t\t<div class=\"elementor-widget-container\">\n\t\t\t\t\t\t\t<div class=\"elementor-icon-box-wrapper\">\n\n\t\t\t\t\t\t<div class=\"elementor-icon-box-icon\">\n\t\t\t\t<a href=\"https:\/\/elmolidenrobert.com\/fr\/contact\/\" class=\"elementor-icon\" tabindex=\"-1\" aria-label=\"Formulaire de contact\">\n\t\t\t\t<i aria-hidden=\"true\" class=\"fab fa-wpforms\"><\/i>\t\t\t\t<\/a>\n\t\t\t<\/div>\n\t\t\t\n\t\t\t\t\t\t<div class=\"elementor-icon-box-content\">\n\n\t\t\t\t\t\t\t\t\t<h3 class=\"elementor-icon-box-title\">\n\t\t\t\t\t\t<a href=\"https:\/\/elmolidenrobert.com\/fr\/contact\/\" >\n\t\t\t\t\t\t\tFormulaire de contact\t\t\t\t\t\t<\/a>\n\t\t\t\t\t<\/h3>\n\t\t\t\t\n\t\t\t\t\n\t\t\t<\/div>\n\t\t\t\n\t\t<\/div>\n\t\t\t\t\t\t<\/div>\n\t\t\t\t<\/div>\n\t\t\t\t\t<\/div>\n\t\t<\/div>\n\t\t\t\t\t<\/div>\n\t\t<\/section>\n\t\t\t\t<section class=\"elementor-section elementor-inner-section elementor-element elementor-element-c2af067 elementor-section-boxed elementor-section-height-default elementor-section-height-default\" data-id=\"c2af067\" data-element_type=\"section\">\n\t\t\t\t\t\t<div class=\"elementor-container elementor-column-gap-default\">\n\t\t\t\t\t<div class=\"elementor-column elementor-col-33 elementor-inner-column elementor-element elementor-element-ef94673\" data-id=\"ef94673\" data-element_type=\"column\">\n\t\t\t<div class=\"elementor-widget-wrap elementor-element-populated\">\n\t\t\t\t\t\t<div class=\"elementor-element elementor-element-5758e75 elementor-view-default elementor-position-top elementor-mobile-position-top elementor-widget elementor-widget-icon-box\" data-id=\"5758e75\" data-element_type=\"widget\" data-widget_type=\"icon-box.default\">\n\t\t\t\t<div class=\"elementor-widget-container\">\n\t\t\t\t\t\t\t<div class=\"elementor-icon-box-wrapper\">\n\n\t\t\t\t\t\t<div class=\"elementor-icon-box-icon\">\n\t\t\t\t<a href=\"tel:677241932\" class=\"elementor-icon\" tabindex=\"-1\" aria-label=\"677 24 19 32\">\n\t\t\t\t<i aria-hidden=\"true\" class=\"fas fa-phone-alt\"><\/i>\t\t\t\t<\/a>\n\t\t\t<\/div>\n\t\t\t\n\t\t\t\t\t\t<div class=\"elementor-icon-box-content\">\n\n\t\t\t\t\t\t\t\t\t<h3 class=\"elementor-icon-box-title\">\n\t\t\t\t\t\t<a href=\"tel:677241932\" >\n\t\t\t\t\t\t\t677 24 19 32\t\t\t\t\t\t<\/a>\n\t\t\t\t\t<\/h3>\n\t\t\t\t\n\t\t\t\t\n\t\t\t<\/div>\n\t\t\t\n\t\t<\/div>\n\t\t\t\t\t\t<\/div>\n\t\t\t\t<\/div>\n\t\t\t\t\t<\/div>\n\t\t<\/div>\n\t\t\t\t<div class=\"elementor-column elementor-col-33 elementor-inner-column elementor-element elementor-element-6eb55b7\" data-id=\"6eb55b7\" data-element_type=\"column\">\n\t\t\t<div class=\"elementor-widget-wrap\">\n\t\t\t\t\t\t\t<\/div>\n\t\t<\/div>\n\t\t\t\t<div class=\"elementor-column elementor-col-33 elementor-inner-column elementor-element elementor-element-b0bcf51\" data-id=\"b0bcf51\" data-element_type=\"column\">\n\t\t\t<div class=\"elementor-widget-wrap\">\n\t\t\t\t\t\t\t<\/div>\n\t\t<\/div>\n\t\t\t\t\t<\/div>\n\t\t<\/section>\n\t\t\t\t<div class=\"elementor-element elementor-element-fdf08e5 elementor-widget elementor-widget-heading\" data-id=\"fdf08e5\" data-element_type=\"widget\" data-widget_type=\"heading.default\">\n\t\t\t\t<div class=\"elementor-widget-container\">\n\t\t\t\t\t<span class=\"elementor-heading-title elementor-size-small\">* Les pique-niques et le camping ne sont pas autoris\u00e9s dans le restaurant.<\/span>\t\t\t\t<\/div>\n\t\t\t\t<\/div>\n\t\t\t\t\t<\/div>\n\t\t<\/div>\n\t\t\t\t\t<\/div>\n\t\t<\/section>\n\t\t\t\t<\/div>\n\t\t","protected":false},"excerpt":{"rendered":"<p>Qu&rsquo;est-ce que Mol\u00ed d&rsquo;en Robert? Le Mol\u00ed d&rsquo;en Robert, situ\u00e9 \u00e0 quatre kilom\u00e8tres de Ma\u00e7anet de Cabrenys, est un restaurant situ\u00e9 dans un endroit privil\u00e9gi\u00e9 de l&rsquo;Alt Empord\u00e0, \u00e0 c\u00f4t\u00e9 d&rsquo;un cadre naturel avec des arbres et une rivi\u00e8re, fantastique pour profiter d&rsquo;une journ\u00e9e en pleine nature dans famille ou amis. Le restaurant dispose d&rsquo;un parc pour enfants afin que les parents et les enfants puissent profiter de l&rsquo;exp\u00e9rience. Dans le restaurant, nous proposons une grande vari\u00e9t\u00e9 d&rsquo;entr\u00e9es et de &#8230; <\/p>\n<p class=\"read-more-container\"><a title=\"Qui sommes nous\" class=\"read-more button\" href=\"https:\/\/elmolidenrobert.com\/fr\/qui-sommes-nous\/#more-1922\" aria-label=\"En savoir plus sur Qui sommes nous\">Read More<\/a><\/p>\n","protected":false},"author":1,"featured_media":0,"parent":0,"menu_order":0,"comment_status":"closed","ping_status":"closed","template":"elementor_header_footer","meta":{"footnotes":""},"class_list":["post-1922","page","type-page","status-publish"],"yoast_head":"<!-- This site is optimized with the Yoast SEO plugin v26.0 - https:\/\/yoast.com\/wordpress\/plugins\/seo\/ -->\n<title>Qui sommes nous - El mol\u00ed d&#039;en Robert<\/title>\n<meta name=\"robots\" content=\"index, follow, max-snippet:-1, max-image-preview:large, max-video-preview:-1\" \/>\n<link rel=\"canonical\" href=\"https:\/\/elmolidenrobert.com\/fr\/qui-sommes-nous\/\" \/>\n<meta property=\"og:locale\" content=\"fr_FR\" \/>\n<meta property=\"og:type\" content=\"article\" \/>\n<meta property=\"og:title\" content=\"Qui sommes nous - El mol\u00ed d&#039;en Robert\" \/>\n<meta property=\"og:description\" content=\"Qu&rsquo;est-ce que Mol\u00ed d&rsquo;en Robert? Le Mol\u00ed d&rsquo;en Robert, situ\u00e9 \u00e0 quatre kilom\u00e8tres de Ma\u00e7anet de Cabrenys, est un restaurant situ\u00e9 dans un endroit privil\u00e9gi\u00e9 de l&rsquo;Alt Empord\u00e0, \u00e0 c\u00f4t\u00e9 d&rsquo;un cadre naturel avec des arbres et une rivi\u00e8re, fantastique pour profiter d&rsquo;une journ\u00e9e en pleine nature dans famille ou amis. Le restaurant dispose d&rsquo;un parc pour enfants afin que les parents et les enfants puissent profiter de l&rsquo;exp\u00e9rience. Dans le restaurant, nous proposons une grande vari\u00e9t\u00e9 d&rsquo;entr\u00e9es et de ... Read More\" \/>\n<meta property=\"og:url\" content=\"https:\/\/elmolidenrobert.com\/fr\/qui-sommes-nous\/\" \/>\n<meta property=\"og:site_name\" content=\"El mol\u00ed d&#039;en Robert\" \/>\n<meta property=\"article:modified_time\" content=\"2024-07-16T09:32:34+00:00\" \/>\n<meta name=\"twitter:card\" content=\"summary_large_image\" \/>\n<meta name=\"twitter:label1\" content=\"Dur\u00e9e de lecture estim\u00e9e\" \/>\n\t<meta name=\"twitter:data1\" content=\"2 minutes\" \/>\n<script type=\"application\/ld+json\" class=\"yoast-schema-graph\">{\"@context\":\"https:\/\/schema.org\",\"@graph\":[{\"@type\":\"WebPage\",\"@id\":\"https:\/\/elmolidenrobert.com\/fr\/qui-sommes-nous\/\",\"url\":\"https:\/\/elmolidenrobert.com\/fr\/qui-sommes-nous\/\",\"name\":\"Qui sommes nous - El mol\u00ed d&#039;en Robert\",\"isPartOf\":{\"@id\":\"https:\/\/elmolidenrobert.com\/fr\/#website\"},\"datePublished\":\"2020-03-25T11:40:22+00:00\",\"dateModified\":\"2024-07-16T09:32:34+00:00\",\"breadcrumb\":{\"@id\":\"https:\/\/elmolidenrobert.com\/fr\/qui-sommes-nous\/#breadcrumb\"},\"inLanguage\":\"fr-FR\",\"potentialAction\":[{\"@type\":\"ReadAction\",\"target\":[\"https:\/\/elmolidenrobert.com\/fr\/qui-sommes-nous\/\"]}]},{\"@type\":\"BreadcrumbList\",\"@id\":\"https:\/\/elmolidenrobert.com\/fr\/qui-sommes-nous\/#breadcrumb\",\"itemListElement\":[{\"@type\":\"ListItem\",\"position\":1,\"name\":\"Portada\",\"item\":\"https:\/\/elmolidenrobert.com\/fr\/\"},{\"@type\":\"ListItem\",\"position\":2,\"name\":\"Qui sommes nous\"}]},{\"@type\":\"WebSite\",\"@id\":\"https:\/\/elmolidenrobert.com\/fr\/#website\",\"url\":\"https:\/\/elmolidenrobert.com\/fr\/\",\"name\":\"El mol\u00ed d&#039;en Robert\",\"description\":\"Un restaurant de familia per a la familia\",\"publisher\":{\"@id\":\"https:\/\/elmolidenrobert.com\/fr\/#organization\"},\"potentialAction\":[{\"@type\":\"SearchAction\",\"target\":{\"@type\":\"EntryPoint\",\"urlTemplate\":\"https:\/\/elmolidenrobert.com\/fr\/?s={search_term_string}\"},\"query-input\":{\"@type\":\"PropertyValueSpecification\",\"valueRequired\":true,\"valueName\":\"search_term_string\"}}],\"inLanguage\":\"fr-FR\"},{\"@type\":\"Organization\",\"@id\":\"https:\/\/elmolidenrobert.com\/fr\/#organization\",\"name\":\"El mol\u00ed d&#039;en Robert\",\"url\":\"https:\/\/elmolidenrobert.com\/fr\/\",\"logo\":{\"@type\":\"ImageObject\",\"inLanguage\":\"fr-FR\",\"@id\":\"https:\/\/elmolidenrobert.com\/fr\/#\/schema\/logo\/image\/\",\"url\":\"https:\/\/elmolidenrobert.com\/wp-content\/uploads\/2020\/01\/Logo-negatiu.png\",\"contentUrl\":\"https:\/\/elmolidenrobert.com\/wp-content\/uploads\/2020\/01\/Logo-negatiu.png\",\"width\":500,\"height\":500,\"caption\":\"El mol\u00ed d&#039;en Robert\"},\"image\":{\"@id\":\"https:\/\/elmolidenrobert.com\/fr\/#\/schema\/logo\/image\/\"}}]}<\/script>\n<!-- \/ Yoast SEO plugin. -->","yoast_head_json":{"title":"Qui sommes nous - El mol\u00ed d&#039;en Robert","robots":{"index":"index","follow":"follow","max-snippet":"max-snippet:-1","max-image-preview":"max-image-preview:large","max-video-preview":"max-video-preview:-1"},"canonical":"https:\/\/elmolidenrobert.com\/fr\/qui-sommes-nous\/","og_locale":"fr_FR","og_type":"article","og_title":"Qui sommes nous - El mol\u00ed d&#039;en Robert","og_description":"Qu&rsquo;est-ce que Mol\u00ed d&rsquo;en Robert? Le Mol\u00ed d&rsquo;en Robert, situ\u00e9 \u00e0 quatre kilom\u00e8tres de Ma\u00e7anet de Cabrenys, est un restaurant situ\u00e9 dans un endroit privil\u00e9gi\u00e9 de l&rsquo;Alt Empord\u00e0, \u00e0 c\u00f4t\u00e9 d&rsquo;un cadre naturel avec des arbres et une rivi\u00e8re, fantastique pour profiter d&rsquo;une journ\u00e9e en pleine nature dans famille ou amis. Le restaurant dispose d&rsquo;un parc pour enfants afin que les parents et les enfants puissent profiter de l&rsquo;exp\u00e9rience. Dans le restaurant, nous proposons une grande vari\u00e9t\u00e9 d&rsquo;entr\u00e9es et de ... Read More","og_url":"https:\/\/elmolidenrobert.com\/fr\/qui-sommes-nous\/","og_site_name":"El mol\u00ed d&#039;en Robert","article_modified_time":"2024-07-16T09:32:34+00:00","twitter_card":"summary_large_image","twitter_misc":{"Dur\u00e9e de lecture estim\u00e9e":"2 minutes"},"schema":{"@context":"https:\/\/schema.org","@graph":[{"@type":"WebPage","@id":"https:\/\/elmolidenrobert.com\/fr\/qui-sommes-nous\/","url":"https:\/\/elmolidenrobert.com\/fr\/qui-sommes-nous\/","name":"Qui sommes nous - El mol\u00ed d&#039;en Robert","isPartOf":{"@id":"https:\/\/elmolidenrobert.com\/fr\/#website"},"datePublished":"2020-03-25T11:40:22+00:00","dateModified":"2024-07-16T09:32:34+00:00","breadcrumb":{"@id":"https:\/\/elmolidenrobert.com\/fr\/qui-sommes-nous\/#breadcrumb"},"inLanguage":"fr-FR","potentialAction":[{"@type":"ReadAction","target":["https:\/\/elmolidenrobert.com\/fr\/qui-sommes-nous\/"]}]},{"@type":"BreadcrumbList","@id":"https:\/\/elmolidenrobert.com\/fr\/qui-sommes-nous\/#breadcrumb","itemListElement":[{"@type":"ListItem","position":1,"name":"Portada","item":"https:\/\/elmolidenrobert.com\/fr\/"},{"@type":"ListItem","position":2,"name":"Qui sommes nous"}]},{"@type":"WebSite","@id":"https:\/\/elmolidenrobert.com\/fr\/#website","url":"https:\/\/elmolidenrobert.com\/fr\/","name":"El mol\u00ed d&#039;en Robert","description":"Un restaurant de familia per a la familia","publisher":{"@id":"https:\/\/elmolidenrobert.com\/fr\/#organization"},"potentialAction":[{"@type":"SearchAction","target":{"@type":"EntryPoint","urlTemplate":"https:\/\/elmolidenrobert.com\/fr\/?s={search_term_string}"},"query-input":{"@type":"PropertyValueSpecification","valueRequired":true,"valueName":"search_term_string"}}],"inLanguage":"fr-FR"},{"@type":"Organization","@id":"https:\/\/elmolidenrobert.com\/fr\/#organization","name":"El mol\u00ed d&#039;en Robert","url":"https:\/\/elmolidenrobert.com\/fr\/","logo":{"@type":"ImageObject","inLanguage":"fr-FR","@id":"https:\/\/elmolidenrobert.com\/fr\/#\/schema\/logo\/image\/","url":"https:\/\/elmolidenrobert.com\/wp-content\/uploads\/2020\/01\/Logo-negatiu.png","contentUrl":"https:\/\/elmolidenrobert.com\/wp-content\/uploads\/2020\/01\/Logo-negatiu.png","width":500,"height":500,"caption":"El mol\u00ed d&#039;en Robert"},"image":{"@id":"https:\/\/elmolidenrobert.com\/fr\/#\/schema\/logo\/image\/"}}]}},"_links":{"self":[{"href":"https:\/\/elmolidenrobert.com\/fr\/wp-json\/wp\/v2\/pages\/1922","targetHints":{"allow":["GET"]}}],"collection":[{"href":"https:\/\/elmolidenrobert.com\/fr\/wp-json\/wp\/v2\/pages"}],"about":[{"href":"https:\/\/elmolidenrobert.com\/fr\/wp-json\/wp\/v2\/types\/page"}],"author":[{"embeddable":true,"href":"https:\/\/elmolidenrobert.com\/fr\/wp-json\/wp\/v2\/users\/1"}],"replies":[{"embeddable":true,"href":"https:\/\/elmolidenrobert.com\/fr\/wp-json\/wp\/v2\/comments?post=1922"}],"version-history":[{"count":6,"href":"https:\/\/elmolidenrobert.com\/fr\/wp-json\/wp\/v2\/pages\/1922\/revisions"}],"predecessor-version":[{"id":2566,"href":"https:\/\/elmolidenrobert.com\/fr\/wp-json\/wp\/v2\/pages\/1922\/revisions\/2566"}],"wp:attachment":[{"href":"https:\/\/elmolidenrobert.com\/fr\/wp-json\/wp\/v2\/media?parent=1922"}],"curies":[{"name":"wp","href":"https:\/\/api.w.org\/{rel}","templated":true}]}}