{"id":1928,"date":"2020-03-25T11:53:49","date_gmt":"2020-03-25T11:53:49","guid":{"rendered":"https:\/\/elmolidenrobert.com\/contact\/"},"modified":"2024-07-16T09:33:46","modified_gmt":"2024-07-16T09:33:46","slug":"situation-et-reserve","status":"publish","type":"page","link":"https:\/\/elmolidenrobert.com\/fr\/situation-et-reserve\/","title":{"rendered":"Contact"},"content":{"rendered":"\t\t<div data-elementor-type=\"wp-page\" data-elementor-id=\"1928\" class=\"elementor elementor-1928 elementor-1843\" data-elementor-post-type=\"page\">\n\t\t\t\t\t\t<section class=\"elementor-section elementor-top-section elementor-element elementor-element-8406684 elementor-section-stretched elementor-section-height-min-height elementor-section-boxed elementor-section-height-default elementor-section-items-middle\" data-id=\"8406684\" data-element_type=\"section\" data-settings=\"{&quot;stretch_section&quot;:&quot;section-stretched&quot;,&quot;background_background&quot;:&quot;slideshow&quot;,&quot;background_slideshow_gallery&quot;:[{&quot;id&quot;:1764,&quot;url&quot;:&quot;https:\\\/\\\/elmolidenrobert.com\\\/wp-content\\\/uploads\\\/2020\\\/01\\\/08FJ8171.jpg&quot;},{&quot;id&quot;:1769,&quot;url&quot;:&quot;https:\\\/\\\/elmolidenrobert.com\\\/wp-content\\\/uploads\\\/2020\\\/01\\\/DJI_0843.jpg&quot;},{&quot;id&quot;:1774,&quot;url&quot;:&quot;https:\\\/\\\/elmolidenrobert.com\\\/wp-content\\\/uploads\\\/2020\\\/01\\\/DJI_0810.jpg&quot;},{&quot;id&quot;:1850,&quot;url&quot;:&quot;https:\\\/\\\/elmolidenrobert.com\\\/wp-content\\\/uploads\\\/2020\\\/01\\\/DJI_0825.jpg&quot;}],&quot;background_slideshow_loop&quot;:&quot;yes&quot;,&quot;background_slideshow_slide_duration&quot;:5000,&quot;background_slideshow_slide_transition&quot;:&quot;fade&quot;,&quot;background_slideshow_transition_duration&quot;:500}\">\n\t\t\t\t\t\t<div class=\"elementor-container elementor-column-gap-default\">\n\t\t\t\t\t<div class=\"elementor-column elementor-col-100 elementor-top-column elementor-element elementor-element-146ef9c\" data-id=\"146ef9c\" data-element_type=\"column\">\n\t\t\t<div class=\"elementor-widget-wrap elementor-element-populated\">\n\t\t\t\t\t\t<div class=\"elementor-element elementor-element-490b195 elementor-widget elementor-widget-heading\" data-id=\"490b195\" data-element_type=\"widget\" data-widget_type=\"heading.default\">\n\t\t\t\t<div class=\"elementor-widget-container\">\n\t\t\t\t\t<h1 class=\"elementor-heading-title elementor-size-xl\">R\u00e9servez une table chez <br> El Mol\u00ed d'en Robert<\/h1>\t\t\t\t<\/div>\n\t\t\t\t<\/div>\n\t\t\t\t\t<\/div>\n\t\t<\/div>\n\t\t\t\t\t<\/div>\n\t\t<\/section>\n\t\t\t\t<section class=\"elementor-section elementor-top-section elementor-element elementor-element-15e2fb2 elementor-section-boxed elementor-section-height-default elementor-section-height-default\" data-id=\"15e2fb2\" data-element_type=\"section\">\n\t\t\t\t\t\t<div class=\"elementor-container elementor-column-gap-default\">\n\t\t\t\t\t<div class=\"elementor-column elementor-col-100 elementor-top-column elementor-element elementor-element-3da6e6f\" data-id=\"3da6e6f\" data-element_type=\"column\">\n\t\t\t<div class=\"elementor-widget-wrap elementor-element-populated\">\n\t\t\t\t\t\t<div class=\"elementor-element elementor-element-129aa67 elementor-widget elementor-widget-heading\" data-id=\"129aa67\" data-element_type=\"widget\" data-widget_type=\"heading.default\">\n\t\t\t\t<div class=\"elementor-widget-container\">\n\t\t\t\t\t<h2 class=\"elementor-heading-title elementor-size-default\">R\u00e9servations par t\u00e9l\u00e9phone<\/h2>\t\t\t\t<\/div>\n\t\t\t\t<\/div>\n\t\t\t\t<div class=\"elementor-element elementor-element-2035661 elementor-widget elementor-widget-text-editor\" data-id=\"2035661\" data-element_type=\"widget\" data-widget_type=\"text-editor.default\">\n\t\t\t\t<div class=\"elementor-widget-container\">\n\t\t\t\t\t\t\t\t\t<p>Pour des raisons de couverture, nous ne pouvons pas facturer avec la carte. Merci de votre compr\u00e9hension.<br \/>Une confirmation de r\u00e9servation du restaurant est requise. Vous pouvez demander la r\u00e9servation via:<\/p>\t\t\t\t\t\t\t\t<\/div>\n\t\t\t\t<\/div>\n\t\t\t\t<section class=\"elementor-section elementor-inner-section elementor-element elementor-element-5d2cce0 elementor-section-boxed elementor-section-height-default elementor-section-height-default\" data-id=\"5d2cce0\" data-element_type=\"section\">\n\t\t\t\t\t\t<div class=\"elementor-container elementor-column-gap-default\">\n\t\t\t\t\t<div class=\"elementor-column elementor-col-33 elementor-inner-column elementor-element elementor-element-977f6a4\" data-id=\"977f6a4\" data-element_type=\"column\">\n\t\t\t<div class=\"elementor-widget-wrap elementor-element-populated\">\n\t\t\t\t\t\t<div class=\"elementor-element elementor-element-3c2f733 elementor-view-default elementor-position-top elementor-mobile-position-top elementor-widget elementor-widget-icon-box\" data-id=\"3c2f733\" data-element_type=\"widget\" data-widget_type=\"icon-box.default\">\n\t\t\t\t<div class=\"elementor-widget-container\">\n\t\t\t\t\t\t\t<div class=\"elementor-icon-box-wrapper\">\n\n\t\t\t\t\t\t<div class=\"elementor-icon-box-icon\">\n\t\t\t\t<a href=\"tel:972544004\" class=\"elementor-icon\" tabindex=\"-1\" aria-label=\"972 54 40 04\">\n\t\t\t\t<i aria-hidden=\"true\" class=\"fas fa-phone-alt\"><\/i>\t\t\t\t<\/a>\n\t\t\t<\/div>\n\t\t\t\n\t\t\t\t\t\t<div class=\"elementor-icon-box-content\">\n\n\t\t\t\t\t\t\t\t\t<h3 class=\"elementor-icon-box-title\">\n\t\t\t\t\t\t<a href=\"tel:972544004\" >\n\t\t\t\t\t\t\t972 54 40 04\t\t\t\t\t\t<\/a>\n\t\t\t\t\t<\/h3>\n\t\t\t\t\n\t\t\t\t\n\t\t\t<\/div>\n\t\t\t\n\t\t<\/div>\n\t\t\t\t\t\t<\/div>\n\t\t\t\t<\/div>\n\t\t\t\t\t<\/div>\n\t\t<\/div>\n\t\t\t\t<div class=\"elementor-column elementor-col-33 elementor-inner-column elementor-element elementor-element-1e1b3d6\" data-id=\"1e1b3d6\" data-element_type=\"column\">\n\t\t\t<div class=\"elementor-widget-wrap elementor-element-populated\">\n\t\t\t\t\t\t<div class=\"elementor-element elementor-element-5758e75 elementor-view-default elementor-position-top elementor-mobile-position-top elementor-widget elementor-widget-icon-box\" data-id=\"5758e75\" data-element_type=\"widget\" data-widget_type=\"icon-box.default\">\n\t\t\t\t<div class=\"elementor-widget-container\">\n\t\t\t\t\t\t\t<div class=\"elementor-icon-box-wrapper\">\n\n\t\t\t\t\t\t<div class=\"elementor-icon-box-icon\">\n\t\t\t\t<a href=\"tel:677241932\" class=\"elementor-icon\" tabindex=\"-1\" aria-label=\"677 24 19 32\">\n\t\t\t\t<i aria-hidden=\"true\" class=\"fas fa-phone-alt\"><\/i>\t\t\t\t<\/a>\n\t\t\t<\/div>\n\t\t\t\n\t\t\t\t\t\t<div class=\"elementor-icon-box-content\">\n\n\t\t\t\t\t\t\t\t\t<h3 class=\"elementor-icon-box-title\">\n\t\t\t\t\t\t<a href=\"tel:677241932\" >\n\t\t\t\t\t\t\t677 24 19 32\t\t\t\t\t\t<\/a>\n\t\t\t\t\t<\/h3>\n\t\t\t\t\n\t\t\t\t\n\t\t\t<\/div>\n\t\t\t\n\t\t<\/div>\n\t\t\t\t\t\t<\/div>\n\t\t\t\t<\/div>\n\t\t\t\t\t<\/div>\n\t\t<\/div>\n\t\t\t\t<div class=\"elementor-column elementor-col-33 elementor-inner-column elementor-element elementor-element-ca92067\" data-id=\"ca92067\" data-element_type=\"column\">\n\t\t\t<div class=\"elementor-widget-wrap elementor-element-populated\">\n\t\t\t\t\t\t<div class=\"elementor-element elementor-element-39108b5 elementor-view-default elementor-position-top elementor-mobile-position-top elementor-widget elementor-widget-icon-box\" data-id=\"39108b5\" data-element_type=\"widget\" data-widget_type=\"icon-box.default\">\n\t\t\t\t<div class=\"elementor-widget-container\">\n\t\t\t\t\t\t\t<div class=\"elementor-icon-box-wrapper\">\n\n\t\t\t\t\t\t<div class=\"elementor-icon-box-icon\">\n\t\t\t\t<a href=\"mailto:elmolidenrobert@ofiweb.cat\" class=\"elementor-icon\" tabindex=\"-1\" aria-label=\"elmolidenrobert@ofiweb.cat\">\n\t\t\t\t<i aria-hidden=\"true\" class=\"fas fa-envelope\"><\/i>\t\t\t\t<\/a>\n\t\t\t<\/div>\n\t\t\t\n\t\t\t\t\t\t<div class=\"elementor-icon-box-content\">\n\n\t\t\t\t\t\t\t\t\t<h3 class=\"elementor-icon-box-title\">\n\t\t\t\t\t\t<a href=\"mailto:elmolidenrobert@ofiweb.cat\" >\n\t\t\t\t\t\t\telmolidenrobert@ofiweb.cat\t\t\t\t\t\t<\/a>\n\t\t\t\t\t<\/h3>\n\t\t\t\t\n\t\t\t\t\n\t\t\t<\/div>\n\t\t\t\n\t\t<\/div>\n\t\t\t\t\t\t<\/div>\n\t\t\t\t<\/div>\n\t\t\t\t\t<\/div>\n\t\t<\/div>\n\t\t\t\t\t<\/div>\n\t\t<\/section>\n\t\t\t\t\t<\/div>\n\t\t<\/div>\n\t\t\t\t\t<\/div>\n\t\t<\/section>\n\t\t\t\t<section class=\"elementor-section elementor-top-section elementor-element elementor-element-30075d4 elementor-hidden-desktop elementor-hidden-tablet elementor-hidden-phone elementor-section-boxed elementor-section-height-default elementor-section-height-default\" data-id=\"30075d4\" data-element_type=\"section\">\n\t\t\t\t\t\t<div class=\"elementor-container elementor-column-gap-default\">\n\t\t\t\t\t<div class=\"elementor-column elementor-col-100 elementor-top-column elementor-element elementor-element-6c18a81\" data-id=\"6c18a81\" data-element_type=\"column\">\n\t\t\t<div class=\"elementor-widget-wrap elementor-element-populated\">\n\t\t\t\t\t\t<div class=\"elementor-element elementor-element-4acca51 elementor-widget elementor-widget-heading\" data-id=\"4acca51\" data-element_type=\"widget\" data-widget_type=\"heading.default\">\n\t\t\t\t<div class=\"elementor-widget-container\">\n\t\t\t\t\t<h2 class=\"elementor-heading-title elementor-size-default\">Formulaire de contact<\/h2>\t\t\t\t<\/div>\n\t\t\t\t<\/div>\n\t\t\t\t<div class=\"elementor-element elementor-element-565e4ff elementor-widget elementor-widget-shortcode\" data-id=\"565e4ff\" data-element_type=\"widget\" data-widget_type=\"shortcode.default\">\n\t\t\t\t<div class=\"elementor-widget-container\">\n\t\t\t\t\t\t\t<div class=\"elementor-shortcode\">\n<div class=\"wpcf7 no-js\" id=\"wpcf7-f2054-o1\" lang=\"fr-FR\" dir=\"ltr\" data-wpcf7-id=\"2054\">\n<div class=\"screen-reader-response\"><p role=\"status\" aria-live=\"polite\" aria-atomic=\"true\"><\/p> <ul><\/ul><\/div>\n<form action=\"\/fr\/wp-json\/wp\/v2\/pages\/1928#wpcf7-f2054-o1\" method=\"post\" class=\"wpcf7-form init\" aria-label=\"Formulaire de contact\" novalidate=\"novalidate\" data-status=\"init\">\n<fieldset class=\"hidden-fields-container\"><input type=\"hidden\" name=\"_wpcf7\" value=\"2054\" \/><input type=\"hidden\" name=\"_wpcf7_version\" value=\"6.1.1\" \/><input type=\"hidden\" name=\"_wpcf7_locale\" value=\"fr_FR\" \/><input type=\"hidden\" name=\"_wpcf7_unit_tag\" value=\"wpcf7-f2054-o1\" \/><input type=\"hidden\" name=\"_wpcf7_container_post\" value=\"0\" \/><input type=\"hidden\" name=\"_wpcf7_posted_data_hash\" value=\"\" \/><input type=\"hidden\" name=\"_wpcf7_recaptcha_response\" value=\"\" \/>\n<\/fieldset>\n<div class=\"f-row\">\n\t<div class=\"f-w-50 f-d-inline\">\n\t\t<p><span class=\"wpcf7-form-control-wrap\" data-name=\"your-name\"><input size=\"40\" maxlength=\"400\" class=\"wpcf7-form-control wpcf7-text wpcf7-validates-as-required\" aria-required=\"true\" aria-invalid=\"false\" placeholder=\"Nom *\" value=\"\" type=\"text\" name=\"your-name\" \/><\/span>\n\t\t<\/p>\n\t<\/div>\n\t<div class=\"f-w-50 f-d-inline\">\n\t\t<p><span class=\"wpcf7-form-control-wrap\" data-name=\"your-email\"><input size=\"40\" maxlength=\"400\" class=\"wpcf7-form-control wpcf7-email wpcf7-validates-as-required wpcf7-text wpcf7-validates-as-email\" aria-required=\"true\" aria-invalid=\"false\" placeholder=\"Email\" value=\"\" type=\"email\" name=\"your-email\" \/><\/span>\n\t\t<\/p>\n\t<\/div>\n<\/div>\n<div class=\"f-row\">\n\t<div class=\"f-w-50 f-d-inline\">\n\t\t<p><span class=\"wpcf7-form-control-wrap\" data-name=\"your-subject\"><input size=\"40\" maxlength=\"400\" class=\"wpcf7-form-control wpcf7-text\" aria-invalid=\"false\" placeholder=\"Sujet\" value=\"\" type=\"text\" name=\"your-subject\" \/><\/span>\n\t\t<\/p>\n\t<\/div>\n\t<div class=\"f-w-50 f-d-inline\">\n\t\t<p><span class=\"wpcf7-form-control-wrap\" data-name=\"your-tel\"><input size=\"40\" maxlength=\"400\" class=\"wpcf7-form-control wpcf7-tel wpcf7-text wpcf7-validates-as-tel\" aria-invalid=\"false\" value=\"T\u00e9l\u00e9phone\" type=\"tel\" name=\"your-tel\" \/><\/span>\n\t\t<\/p>\n\t<\/div>\n<\/div>\n<div class=\"f-row\">\n\t<p><span class=\"wpcf7-form-control-wrap\" data-name=\"your-message\"><textarea cols=\"40\" rows=\"10\" maxlength=\"2000\" class=\"wpcf7-form-control wpcf7-textarea\" aria-invalid=\"false\" name=\"your-message\"><\/textarea><\/span>\n\t<\/p>\n<\/div>\n<div class=\"f-row\">\n\t<p><span class=\"wpcf7-form-control-wrap\" data-name=\"acceptance-930\"><span class=\"wpcf7-form-control wpcf7-acceptance\"><span class=\"wpcf7-list-item\"><input type=\"checkbox\" name=\"acceptance-930\" value=\"1\" aria-invalid=\"false\" \/><\/span><\/span><\/span> JE COMPRENDS ET ACCEPTEZ la politique de confidentialit\u00e9. *\n\t<\/p>\n<\/div>\n<div class=\"f-row f-text-align-r\">\n\t<p><input class=\"wpcf7-form-control wpcf7-submit has-spinner\" type=\"submit\" value=\"Envoyer\" \/>\n\t<\/p>\n<\/div><div class=\"wpcf7-response-output\" aria-hidden=\"true\"><\/div>\n<\/form>\n<\/div>\n<\/div>\n\t\t\t\t\t\t<\/div>\n\t\t\t\t<\/div>\n\t\t\t\t<div class=\"elementor-element elementor-element-25416e9 elementor-widget elementor-widget-heading\" data-id=\"25416e9\" data-element_type=\"widget\" data-widget_type=\"heading.default\">\n\t\t\t\t<div class=\"elementor-widget-container\">\n\t\t\t\t\t<h2 class=\"elementor-heading-title elementor-size-small\">* Pour que la r\u00e9servation soit effective, une confirmation par le restaurant est n\u00e9cessaire<\/h2>\t\t\t\t<\/div>\n\t\t\t\t<\/div>\n\t\t\t\t\t<\/div>\n\t\t<\/div>\n\t\t\t\t\t<\/div>\n\t\t<\/section>\n\t\t\t\t<section class=\"elementor-section elementor-top-section elementor-element elementor-element-8b15d36 elementor-section-boxed elementor-section-height-default elementor-section-height-default\" data-id=\"8b15d36\" data-element_type=\"section\">\n\t\t\t\t\t\t<div class=\"elementor-container elementor-column-gap-default\">\n\t\t\t\t\t<div class=\"elementor-column elementor-col-100 elementor-top-column elementor-element elementor-element-252ecbb\" data-id=\"252ecbb\" data-element_type=\"column\">\n\t\t\t<div class=\"elementor-widget-wrap elementor-element-populated\">\n\t\t\t\t\t\t<div class=\"elementor-element elementor-element-a441b61 elementor-widget elementor-widget-shortcode\" data-id=\"a441b61\" data-element_type=\"widget\" data-widget_type=\"shortcode.default\">\n\t\t\t\t<div class=\"elementor-widget-container\">\n\t\t\t\t\t\t\t<div class=\"elementor-shortcode\">\t\t<div data-elementor-type=\"section\" data-elementor-id=\"2532\" class=\"elementor elementor-2532 elementor-2516\" data-elementor-post-type=\"elementor_library\">\n\t\t\t\t\t<section class=\"elementor-section elementor-top-section elementor-element elementor-element-a9b2cfd elementor-section-boxed elementor-section-height-default elementor-section-height-default\" data-id=\"a9b2cfd\" data-element_type=\"section\">\n\t\t\t\t\t\t<div class=\"elementor-container elementor-column-gap-default\">\n\t\t\t\t\t<div class=\"elementor-column elementor-col-100 elementor-top-column elementor-element elementor-element-91ba361\" data-id=\"91ba361\" data-element_type=\"column\">\n\t\t\t<div class=\"elementor-widget-wrap elementor-element-populated\">\n\t\t\t\t\t\t<div class=\"elementor-element elementor-element-f19df49 elementor-widget elementor-widget-heading\" data-id=\"f19df49\" data-element_type=\"widget\" data-widget_type=\"heading.default\">\n\t\t\t\t<div class=\"elementor-widget-container\">\n\t\t\t\t\t<h2 class=\"elementor-heading-title elementor-size-default\">Horaires<\/h2>\t\t\t\t<\/div>\n\t\t\t\t<\/div>\n\t\t\t\t<div class=\"elementor-element elementor-element-4c684bc elementor-widget elementor-widget-pp-business-hours\" data-id=\"4c684bc\" data-element_type=\"widget\" data-widget_type=\"pp-business-hours.default\">\n\t\t\t\t<div class=\"elementor-widget-container\">\n\t\t\t\t\t\t\t<div class=\"pp-business-hours\">\n\t\t\t\t\t\t\t\t\t\t\t\t\t\t<div class=\"pp-business-hours-row clearfix elementor-repeater-item-4e38408 row-closed\">\n\t\t\t\t\t\t\t\t\t\t\t<span class=\"pp-business-day\">\n\t\t\t\t\t\t\tD\u00e9cembre, janvier et f\u00e9vrier\t\t\t\t\t\t<\/span>\n\t\t\t\t\t\t\t\t\t\t<span class=\"pp-business-timing\">\n\t\t\t\t\t\tFerm\u00e9\t\t\t\t\t<\/span>\n\t\t\t\t<\/div>\n\t\t\t\t\t\t\t\t\t\t\t\t<div class=\"pp-business-hours-row clearfix elementor-repeater-item-24e147d\">\n\t\t\t\t\t\t\t\t\t\t\t<span class=\"pp-business-day\">\n\t\t\t\t\t\t\tMars, avril et mai\t\t\t\t\t\t<\/span>\n\t\t\t\t\t\t\t\t\t\t<span class=\"pp-business-timing\">\n\t\t\t\t\t\tDe 9 h \u00e0 16 h les week-ends et jours f\u00e9ri\u00e9s\t\t\t\t\t<\/span>\n\t\t\t\t<\/div>\n\t\t\t\t\t\t\t\t\t\t\t\t<div class=\"pp-business-hours-row clearfix elementor-repeater-item-131de4e\">\n\t\t\t\t\t\t\t\t\t\t\t<span class=\"pp-business-day\">\n\t\t\t\t\t\t\tJuin, juillet, ao\u00fbt et septembre\t\t\t\t\t\t<\/span>\n\t\t\t\t\t\t\t\t\t\t<span class=\"pp-business-timing\">\n\t\t\t\t\t\tDe 9 heures du matin \u00e0 5 heures du soir\t\t\t\t\t<\/span>\n\t\t\t\t<\/div>\n\t\t\t\t\t\t\t\t\t\t\t\t<div class=\"pp-business-hours-row clearfix elementor-repeater-item-dc620dc\">\n\t\t\t\t\t\t\t\t\t\t\t<span class=\"pp-business-day\">\n\t\t\t\t\t\t\tOctobre et novembre\t\t\t\t\t\t<\/span>\n\t\t\t\t\t\t\t\t\t\t<span class=\"pp-business-timing\">\n\t\t\t\t\t\tDe 9 h \u00e0 17 h les week-ends et jours f\u00e9ri\u00e9s\t\t\t\t\t<\/span>\n\t\t\t\t<\/div>\n\t\t\t\t\t\t\t\t<\/div>\n\t\t\t\t\t\t<\/div>\n\t\t\t\t<\/div>\n\t\t\t\t\t<\/div>\n\t\t<\/div>\n\t\t\t\t\t<\/div>\n\t\t<\/section>\n\t\t\t\t<\/div>\n\t\t<\/div>\n\t\t\t\t\t\t<\/div>\n\t\t\t\t<\/div>\n\t\t\t\t\t<\/div>\n\t\t<\/div>\n\t\t\t\t\t<\/div>\n\t\t<\/section>\n\t\t\t\t<section class=\"elementor-section elementor-top-section elementor-element elementor-element-0ed558b elementor-section-full_width elementor-section-height-default elementor-section-height-default\" data-id=\"0ed558b\" data-element_type=\"section\">\n\t\t\t\t\t\t<div class=\"elementor-container elementor-column-gap-no\">\n\t\t\t\t\t<div class=\"elementor-column elementor-col-100 elementor-top-column elementor-element elementor-element-e342a32\" data-id=\"e342a32\" data-element_type=\"column\">\n\t\t\t<div class=\"elementor-widget-wrap elementor-element-populated\">\n\t\t\t\t\t\t<div class=\"elementor-element elementor-element-b3bff8b elementor-widget elementor-widget-google_maps\" data-id=\"b3bff8b\" data-element_type=\"widget\" data-widget_type=\"google_maps.default\">\n\t\t\t\t<div class=\"elementor-widget-container\">\n\t\t\t\t\t\t\t<div class=\"elementor-custom-embed\">\n\t\t\t<iframe\n\t\t\t\t\tdata-src=\"https:\/\/maps.google.com\/maps?q=El%20Moli%20d%27en%20Robert&#038;t=m&#038;z=12&#038;output=embed&#038;iwloc=near\"\n\t\t\t\t\ttitle=\"El Moli d&#039;en Robert\"\n\t\t\t\t\taria-label=\"El Moli d&#039;en Robert\"\n\t\t\t src=\"data:image\/svg+xml;base64,PHN2ZyB3aWR0aD0iMSIgaGVpZ2h0PSIxIiB4bWxucz0iaHR0cDovL3d3dy53My5vcmcvMjAwMC9zdmciPjwvc3ZnPg==\" class=\"lazyload\" data-load-mode=\"1\"><\/iframe>\n\t\t<\/div>\n\t\t\t\t\t\t<\/div>\n\t\t\t\t<\/div>\n\t\t\t\t\t<\/div>\n\t\t<\/div>\n\t\t\t\t\t<\/div>\n\t\t<\/section>\n\t\t\t\t<\/div>\n\t\t","protected":false},"excerpt":{"rendered":"<p>R\u00e9servez une table chez El Mol\u00ed d&rsquo;en Robert R\u00e9servations par t\u00e9l\u00e9phone Pour des raisons de couverture, nous ne pouvons pas facturer avec la carte. Merci de votre compr\u00e9hension.Une confirmation de r\u00e9servation du restaurant est requise. Vous pouvez demander la r\u00e9servation via: 972 54 40 04 677 24 19 32 elmolidenrobert@ofiweb.cat Formulaire de contact * Pour que la r\u00e9servation soit effective, une confirmation par le restaurant est n\u00e9cessaire<\/p>\n","protected":false},"author":1,"featured_media":0,"parent":0,"menu_order":0,"comment_status":"closed","ping_status":"closed","template":"elementor_header_footer","meta":{"footnotes":""},"class_list":["post-1928","page","type-page","status-publish"],"yoast_head":"<!-- This site is optimized with the Yoast SEO plugin v26.0 - https:\/\/yoast.com\/wordpress\/plugins\/seo\/ -->\n<title>Contact - El mol\u00ed d&#039;en Robert<\/title>\n<meta name=\"description\" content=\"Si vous souhaitez r\u00e9server une table ou avez des questions, contactez-nous.\" \/>\n<meta name=\"robots\" content=\"index, follow, max-snippet:-1, max-image-preview:large, max-video-preview:-1\" \/>\n<link rel=\"canonical\" href=\"https:\/\/elmolidenrobert.com\/fr\/situation-et-reserve\/\" \/>\n<meta property=\"og:locale\" content=\"fr_FR\" \/>\n<meta property=\"og:type\" content=\"article\" \/>\n<meta property=\"og:title\" content=\"Contact - El mol\u00ed d&#039;en Robert\" \/>\n<meta property=\"og:description\" content=\"Si vous souhaitez r\u00e9server une table ou avez des questions, contactez-nous.\" \/>\n<meta property=\"og:url\" content=\"https:\/\/elmolidenrobert.com\/fr\/situation-et-reserve\/\" \/>\n<meta property=\"og:site_name\" content=\"El mol\u00ed d&#039;en Robert\" \/>\n<meta property=\"article:modified_time\" content=\"2024-07-16T09:33:46+00:00\" \/>\n<meta name=\"twitter:card\" content=\"summary_large_image\" \/>\n<meta name=\"twitter:label1\" content=\"Dur\u00e9e de lecture estim\u00e9e\" \/>\n\t<meta name=\"twitter:data1\" content=\"2 minutes\" \/>\n<script type=\"application\/ld+json\" class=\"yoast-schema-graph\">{\"@context\":\"https:\/\/schema.org\",\"@graph\":[{\"@type\":\"WebPage\",\"@id\":\"https:\/\/elmolidenrobert.com\/fr\/situation-et-reserve\/\",\"url\":\"https:\/\/elmolidenrobert.com\/fr\/situation-et-reserve\/\",\"name\":\"Contact - El mol\u00ed d&#039;en Robert\",\"isPartOf\":{\"@id\":\"https:\/\/elmolidenrobert.com\/fr\/#website\"},\"datePublished\":\"2020-03-25T11:53:49+00:00\",\"dateModified\":\"2024-07-16T09:33:46+00:00\",\"description\":\"Si vous souhaitez r\u00e9server une table ou avez des questions, contactez-nous.\",\"breadcrumb\":{\"@id\":\"https:\/\/elmolidenrobert.com\/fr\/situation-et-reserve\/#breadcrumb\"},\"inLanguage\":\"fr-FR\",\"potentialAction\":[{\"@type\":\"ReadAction\",\"target\":[\"https:\/\/elmolidenrobert.com\/fr\/situation-et-reserve\/\"]}]},{\"@type\":\"BreadcrumbList\",\"@id\":\"https:\/\/elmolidenrobert.com\/fr\/situation-et-reserve\/#breadcrumb\",\"itemListElement\":[{\"@type\":\"ListItem\",\"position\":1,\"name\":\"Portada\",\"item\":\"https:\/\/elmolidenrobert.com\/fr\/\"},{\"@type\":\"ListItem\",\"position\":2,\"name\":\"Contact\"}]},{\"@type\":\"WebSite\",\"@id\":\"https:\/\/elmolidenrobert.com\/fr\/#website\",\"url\":\"https:\/\/elmolidenrobert.com\/fr\/\",\"name\":\"El mol\u00ed d&#039;en Robert\",\"description\":\"Un restaurant de familia per a la familia\",\"publisher\":{\"@id\":\"https:\/\/elmolidenrobert.com\/fr\/#organization\"},\"potentialAction\":[{\"@type\":\"SearchAction\",\"target\":{\"@type\":\"EntryPoint\",\"urlTemplate\":\"https:\/\/elmolidenrobert.com\/fr\/?s={search_term_string}\"},\"query-input\":{\"@type\":\"PropertyValueSpecification\",\"valueRequired\":true,\"valueName\":\"search_term_string\"}}],\"inLanguage\":\"fr-FR\"},{\"@type\":\"Organization\",\"@id\":\"https:\/\/elmolidenrobert.com\/fr\/#organization\",\"name\":\"El mol\u00ed d&#039;en Robert\",\"url\":\"https:\/\/elmolidenrobert.com\/fr\/\",\"logo\":{\"@type\":\"ImageObject\",\"inLanguage\":\"fr-FR\",\"@id\":\"https:\/\/elmolidenrobert.com\/fr\/#\/schema\/logo\/image\/\",\"url\":\"https:\/\/elmolidenrobert.com\/wp-content\/uploads\/2020\/01\/Logo-negatiu.png\",\"contentUrl\":\"https:\/\/elmolidenrobert.com\/wp-content\/uploads\/2020\/01\/Logo-negatiu.png\",\"width\":500,\"height\":500,\"caption\":\"El mol\u00ed d&#039;en Robert\"},\"image\":{\"@id\":\"https:\/\/elmolidenrobert.com\/fr\/#\/schema\/logo\/image\/\"}}]}<\/script>\n<!-- \/ Yoast SEO plugin. -->","yoast_head_json":{"title":"Contact - El mol\u00ed d&#039;en Robert","description":"Si vous souhaitez r\u00e9server une table ou avez des questions, contactez-nous.","robots":{"index":"index","follow":"follow","max-snippet":"max-snippet:-1","max-image-preview":"max-image-preview:large","max-video-preview":"max-video-preview:-1"},"canonical":"https:\/\/elmolidenrobert.com\/fr\/situation-et-reserve\/","og_locale":"fr_FR","og_type":"article","og_title":"Contact - El mol\u00ed d&#039;en Robert","og_description":"Si vous souhaitez r\u00e9server une table ou avez des questions, contactez-nous.","og_url":"https:\/\/elmolidenrobert.com\/fr\/situation-et-reserve\/","og_site_name":"El mol\u00ed d&#039;en Robert","article_modified_time":"2024-07-16T09:33:46+00:00","twitter_card":"summary_large_image","twitter_misc":{"Dur\u00e9e de lecture estim\u00e9e":"2 minutes"},"schema":{"@context":"https:\/\/schema.org","@graph":[{"@type":"WebPage","@id":"https:\/\/elmolidenrobert.com\/fr\/situation-et-reserve\/","url":"https:\/\/elmolidenrobert.com\/fr\/situation-et-reserve\/","name":"Contact - El mol\u00ed d&#039;en Robert","isPartOf":{"@id":"https:\/\/elmolidenrobert.com\/fr\/#website"},"datePublished":"2020-03-25T11:53:49+00:00","dateModified":"2024-07-16T09:33:46+00:00","description":"Si vous souhaitez r\u00e9server une table ou avez des questions, contactez-nous.","breadcrumb":{"@id":"https:\/\/elmolidenrobert.com\/fr\/situation-et-reserve\/#breadcrumb"},"inLanguage":"fr-FR","potentialAction":[{"@type":"ReadAction","target":["https:\/\/elmolidenrobert.com\/fr\/situation-et-reserve\/"]}]},{"@type":"BreadcrumbList","@id":"https:\/\/elmolidenrobert.com\/fr\/situation-et-reserve\/#breadcrumb","itemListElement":[{"@type":"ListItem","position":1,"name":"Portada","item":"https:\/\/elmolidenrobert.com\/fr\/"},{"@type":"ListItem","position":2,"name":"Contact"}]},{"@type":"WebSite","@id":"https:\/\/elmolidenrobert.com\/fr\/#website","url":"https:\/\/elmolidenrobert.com\/fr\/","name":"El mol\u00ed d&#039;en Robert","description":"Un restaurant de familia per a la familia","publisher":{"@id":"https:\/\/elmolidenrobert.com\/fr\/#organization"},"potentialAction":[{"@type":"SearchAction","target":{"@type":"EntryPoint","urlTemplate":"https:\/\/elmolidenrobert.com\/fr\/?s={search_term_string}"},"query-input":{"@type":"PropertyValueSpecification","valueRequired":true,"valueName":"search_term_string"}}],"inLanguage":"fr-FR"},{"@type":"Organization","@id":"https:\/\/elmolidenrobert.com\/fr\/#organization","name":"El mol\u00ed d&#039;en Robert","url":"https:\/\/elmolidenrobert.com\/fr\/","logo":{"@type":"ImageObject","inLanguage":"fr-FR","@id":"https:\/\/elmolidenrobert.com\/fr\/#\/schema\/logo\/image\/","url":"https:\/\/elmolidenrobert.com\/wp-content\/uploads\/2020\/01\/Logo-negatiu.png","contentUrl":"https:\/\/elmolidenrobert.com\/wp-content\/uploads\/2020\/01\/Logo-negatiu.png","width":500,"height":500,"caption":"El mol\u00ed d&#039;en Robert"},"image":{"@id":"https:\/\/elmolidenrobert.com\/fr\/#\/schema\/logo\/image\/"}}]}},"_links":{"self":[{"href":"https:\/\/elmolidenrobert.com\/fr\/wp-json\/wp\/v2\/pages\/1928","targetHints":{"allow":["GET"]}}],"collection":[{"href":"https:\/\/elmolidenrobert.com\/fr\/wp-json\/wp\/v2\/pages"}],"about":[{"href":"https:\/\/elmolidenrobert.com\/fr\/wp-json\/wp\/v2\/types\/page"}],"author":[{"embeddable":true,"href":"https:\/\/elmolidenrobert.com\/fr\/wp-json\/wp\/v2\/users\/1"}],"replies":[{"embeddable":true,"href":"https:\/\/elmolidenrobert.com\/fr\/wp-json\/wp\/v2\/comments?post=1928"}],"version-history":[{"count":24,"href":"https:\/\/elmolidenrobert.com\/fr\/wp-json\/wp\/v2\/pages\/1928\/revisions"}],"predecessor-version":[{"id":2569,"href":"https:\/\/elmolidenrobert.com\/fr\/wp-json\/wp\/v2\/pages\/1928\/revisions\/2569"}],"wp:attachment":[{"href":"https:\/\/elmolidenrobert.com\/fr\/wp-json\/wp\/v2\/media?parent=1928"}],"curies":[{"name":"wp","href":"https:\/\/api.w.org\/{rel}","templated":true}]}}